{"id":73,"date":"2015-01-17T15:08:33","date_gmt":"2015-01-17T15:08:33","guid":{"rendered":"http:\/\/u36739.shellit.info\/?page_id=73"},"modified":"2024-12-19T18:10:01","modified_gmt":"2024-12-19T18:10:01","slug":"referenssit","status":"publish","type":"page","link":"https:\/\/www.ecochange.fi\/en\/referenssit\/","title":{"rendered":"References"},"content":{"rendered":"<div data-elementor-type=\"wp-page\" data-elementor-id=\"73\" class=\"elementor elementor-73\">\n\t\t\t\t\t\t<section class=\"elementor-section elementor-top-section elementor-element elementor-element-7sefwj3 elementor-section-content-top elementor-section-boxed elementor-section-height-default elementor-section-height-default\" data-id=\"7sefwj3\" data-element_type=\"section\" data-e-type=\"section\" data-settings=\"{&quot;background_background&quot;:&quot;classic&quot;}\">\n\t\t\t\t\t\t\t<div class=\"elementor-background-overlay\"><\/div>\n\t\t\t\t\t\t\t<div class=\"elementor-container elementor-column-gap-no\">\n\t\t\t\t\t<div class=\"elementor-column elementor-col-50 elementor-top-column elementor-element elementor-element-233a7da\" data-id=\"233a7da\" data-element_type=\"column\" data-e-type=\"column\">\n\t\t\t<div class=\"elementor-widget-wrap elementor-element-populated\">\n\t\t\t\t\t\t<div class=\"elementor-element elementor-element-baf6b33 elementor-widget elementor-widget-heading\" data-id=\"baf6b33\" data-element_type=\"widget\" data-e-type=\"widget\" data-widget_type=\"heading.default\">\n\t\t\t\t<div class=\"elementor-widget-container\">\n\t\t\t\t\t<h1 class=\"elementor-heading-title elementor-size-default\">References<\/h1>\t\t\t\t<\/div>\n\t\t\t\t<\/div>\n\t\t\t\t\t<\/div>\n\t\t<\/div>\n\t\t\t\t<div class=\"elementor-column elementor-col-50 elementor-top-column elementor-element elementor-element-d4838ed\" data-id=\"d4838ed\" data-element_type=\"column\" data-e-type=\"column\">\n\t\t\t<div class=\"elementor-widget-wrap elementor-element-populated\">\n\t\t\t\t\t\t<div class=\"elementor-element elementor-element-1daf9d3 elementor-widget elementor-widget-heading\" data-id=\"1daf9d3\" data-element_type=\"widget\" data-e-type=\"widget\" data-widget_type=\"heading.default\">\n\t\t\t\t<div class=\"elementor-widget-container\">\n\t\t\t\t\t<h3 class=\"elementor-heading-title elementor-size-default\">EcoChange Ltd has experience in:<\/h3>\t\t\t\t<\/div>\n\t\t\t\t<\/div>\n\t\t\t\t<div class=\"elementor-element elementor-element-d1d4abf elementor-widget elementor-widget-text-editor\" data-id=\"d1d4abf\" data-element_type=\"widget\" data-e-type=\"widget\" data-widget_type=\"text-editor.default\">\n\t\t\t\t<div class=\"elementor-widget-container\">\n\t\t\t\t\t\t\t\t\t<ul>\n<li>Waste management<\/li>\n<li>Environmental Education<\/li>\n<li>Public relations<\/li>\n<li>Climate reports<\/li>\n<li>Environmental Management Systems<\/li>\n<li>Carbon footprints<\/li>\n<li>Reports<\/li>\n<li>Environmental permits<\/li>\n<li>accounting<\/li>\n<\/ul>\n<div>You can read the references below.<\/div>\t\t\t\t\t\t\t\t<\/div>\n\t\t\t\t<\/div>\n\t\t\t\t\t<\/div>\n\t\t<\/div>\n\t\t\t\t\t<\/div>\n\t\t<\/section>\n\t\t\t\t<section class=\"elementor-section elementor-top-section elementor-element elementor-element-1635423 elementor-section-boxed elementor-section-height-default elementor-section-height-default\" data-id=\"1635423\" data-element_type=\"section\" data-e-type=\"section\" data-settings=\"{&quot;background_background&quot;:&quot;classic&quot;}\">\n\t\t\t\t\t\t<div class=\"elementor-container elementor-column-gap-default\">\n\t\t\t\t\t<div class=\"elementor-column elementor-col-100 elementor-top-column elementor-element elementor-element-108e89b\" data-id=\"108e89b\" data-element_type=\"column\" data-e-type=\"column\" data-settings=\"{&quot;background_background&quot;:&quot;classic&quot;}\">\n\t\t\t<div class=\"elementor-widget-wrap elementor-element-populated\">\n\t\t\t\t\t\t<div class=\"elementor-element elementor-element-76eaef8 elementor-widget elementor-widget-heading\" data-id=\"76eaef8\" data-element_type=\"widget\" data-e-type=\"widget\" data-widget_type=\"heading.default\">\n\t\t\t\t<div class=\"elementor-widget-container\">\n\t\t\t\t\t<h2 class=\"elementor-heading-title elementor-size-default\">References<\/h2>\t\t\t\t<\/div>\n\t\t\t\t<\/div>\n\t\t\t\t<div class=\"elementor-element elementor-element-5c0bbb6 elementor-widget elementor-widget-text-editor\" data-id=\"5c0bbb6\" data-element_type=\"widget\" data-e-type=\"widget\" data-widget_type=\"text-editor.default\">\n\t\t\t\t<div class=\"elementor-widget-container\">\n\t\t\t\t\t\t\t\t\t<h3><span style=\"color: #ffffff;\">Waste Management Development and Planning for companies<\/span><\/h3>\n<p>By developing and tendering waste management, you can get significant savings, up to more than 50% of waste management costs.<\/p>\n<ul>\n<li>Waste Management instructions for construction sites (a construction company)<\/li>\n<li>Real estates owned by Helsinki University association<\/li>\n<li>Etera (an insurance company), two properties with several companies<\/li>\n<li>Malmin Liiketalo Oy\/ Kantakaupungin is\u00e4nn\u00f6inti Oy<\/li>\n<li>Tremboco Oy<\/li>\n<li>Savuhovi Oy<\/li>\n<li>Otava-Kuvalehdet Oy<\/li>\n<li>Developing waste management has been part of many clients\u2019 projects.<\/li>\n<\/ul>\n<h3><span style=\"color: #ffffff;\">Environmental education and its planning<\/span><\/h3>\n<ul>\n<li><span style=\"color: #ffffff;\">Suvi Runsten has held more than 1000 presentations, for over 20 000 persons.<\/span><\/li>\n<li><span style=\"color: #ffffff;\">Helsinki Region Environmental Services Authority HSY: guiding guest groups at \u00c4mm\u00e4ssuo Waste Management Centre and Sortti -waste stations, 2017-2\/2020<\/span><\/li>\n<li><span style=\"color: #ffffff;\">Vantaan Energia: Suvi Runsten has held about 800 trash police presentations for kindergartens, schools, associations, companies, housing cooperatives and in various events, and has been a judge in Finnish championship of trash sorting, 2015 -2020<\/span><\/li>\n<li><span style=\"color: #ffffff;\">Aalto University: Exponential technologies, which can improve lives of billions of people, for mentors and actors, 2015<\/span><\/li>\n<li><span style=\"color: #ffffff;\">Aalto University: Lecturing in Energy in community planning \u2013 program, 2013<\/span><\/li>\n<li><span style=\"color: #ffffff;\">HAUS kehitt\u00e4miskeskus Oy: Environmental Management Systems and Eco-support person of an Agency (planning) 2009<\/span><\/li>\n<li><span style=\"color: #ffffff;\">Helsinki University: Acting as an environmental entrepreneur, 2016 ja 2013<\/span><\/li>\n<li><span style=\"color: #ffffff;\">TKK Dipoli: Environmental Specialist \u2013 program, 2009 \u2013 2010<\/span><\/li>\n<li><span style=\"color: #ffffff;\">Oy Lapetek Ab<\/span><\/li>\n<li><span style=\"color: #ffffff;\">Kainuu ELY centre and L\u00e4nsi-Uudenmaan vesi ja ymp\u00e4rist\u00f6 ry: EcoStart- Environmental Management System<\/span><\/li>\n<li><span style=\"color: #ffffff;\">Pid\u00e4 Saaristo Siistin\u00e4 ry<\/span><\/li>\n<li><span style=\"color: #ffffff;\">Savexpo -fair<\/span><\/li>\n<li><span style=\"color: #ffffff;\">Environmental Clinic, Leija of Vantaa<\/span><\/li>\n<li><span style=\"color: #ffffff;\">Education is always an essential part of for example building an Environmental Management System and it is included in many client projects.<\/span><\/li>\n<\/ul>\n<h3><span style=\"color: #ffffff;\">Communication<\/span><\/h3>\n<ul>\n<li><span style=\"color: #ffffff;\">The Forest Biodiversity Programme METSO, communications to the Ministry of the Environment and Ministry of Agriculture and Forestry, together with Viestint\u00e4 Oy Tulevaisuus,&nbsp;<a style=\"color: #ffffff;\" href=\"http:\/\/www.metsonpolku.fi\">www.metsonpolku.fi<\/a><\/span><\/li>\n<\/ul>\n<h3><span style=\"color: #ffffff;\">Climate reports<\/span><\/h3>\n<ul>\n<li><span style=\"color: #ffffff;\">Climate reports or cities of Lappeenranta and Imatra, together with other environmental consulting companies.<\/span><\/li>\n<\/ul>\n<h3><span style=\"color: #ffffff;\">Environmental Management Systems and related consultancy<\/span><\/h3>\n<ul>\n<li><span style=\"color: #ffffff;\">Warranty calculations about waste and Environmental Permit, Joutsa 2022-2023<\/span><\/li>\n<li><span style=\"color: #ffffff;\">An Environmental Management System ISO 14001 for a company about electronics, 2021-2023<\/span><\/li>\n<li><span style=\"color: #ffffff;\">Responsibility program for a leading finnish baseball association Joensuun Maila<\/span><\/li>\n<li><span style=\"color: #ffffff;\">Ministry for Foreign Affairs: helping to compose an environmental strategy<\/span><\/li>\n<li><span style=\"color: #ffffff;\">EcoStart certificate for City-Miksa Oy, 2013<\/span><\/li>\n<li><span style=\"color: #ffffff;\">EcoStart certificate for Mamselli, City of Kajaani<\/span><\/li>\n<li><span style=\"color: #ffffff;\">Matinkyl\u00e4n Huolto Oy, EcoStart and a report about energy efficiency of real estates<\/span><\/li>\n<li><span style=\"color: #ffffff;\">Martinlaakson Huolto Oy, EcoStart certificate, 2011<\/span><\/li>\n<li><span style=\"color: #ffffff;\">MTR-Is\u00e4nn\u00f6inti Oy, EcoStart<\/span><\/li>\n<li><span style=\"color: #ffffff;\">Oy Phoenix Collector Ltd, EcoStart certificate, 2013<\/span><\/li>\n<li><span style=\"color: #ffffff;\">Restaurant Kuninkaan Lohet Oy (EcoStart\/ Ekokompassi, Helsingin ymp\u00e4rist\u00f6keskus)<\/span><\/li>\n<li><span style=\"color: #ffffff;\">Rotav Oy Inkoon Venehotelli: environmental consulting<\/span><\/li>\n<li><span style=\"color: #ffffff;\">Winwind Oy: ISO 14001<\/span><\/li>\n<li><span style=\"color: #ffffff;\">Office Innovations Finland Oy, EcoChange -Ecopackage, 2010<\/span><\/li>\n<li><span style=\"color: #ffffff;\">Tukkatalo, EcoChange-Ecopackage 2008<\/span><\/li>\n<li><span style=\"color: #ffffff;\">Updating the list of environmental laws for a travelling company for many years<\/span><\/li>\n<li><span style=\"color: #ffffff;\">Writing an environmental statement concerning auditing for a construction chemicals company.<\/span><\/li>\n<\/ul>\n<h3><span style=\"color: #ffffff;\">Carbon footprint calculations and consulting about it<\/span><\/h3>\n<ul>\n<li><span style=\"color: #ffffff;\">A solar panel company<\/span><\/li>\n<li><span style=\"color: #ffffff;\">Oy Lantm\u00e4nnen Unibake Ab Finland<\/span><\/li>\n<li><span style=\"color: #ffffff;\">Office Innovations Finland Oy (OIF Oy)<\/span><\/li>\n<li><span style=\"color: #ffffff;\">WinWind Oy<\/span><\/li>\n<\/ul>\n<h3><span style=\"color: #ffffff;\">Web page design and production<\/span><\/h3>\n<ul>\n<li><span style=\"color: #ffffff;\">HSY&nbsp;Vesi,&nbsp;<a style=\"color: #ffffff;\" href=\"http:\/\/www.metsapirtinmulta.fi\">www.metsapirtinmulta.fi<\/a><\/span><\/li>\n<li><span style=\"color: #ffffff;\">Own pages of Env. Cons. EcoChange Ltd<\/span><\/li>\n<li><span style=\"color: #ffffff;\">Web page production also for other organizations.<\/span><\/li>\n<\/ul>\n<h3><span style=\"color: #ffffff;\">Reports<\/span>o<\/h3>\n<ul>\n<li><span style=\"color: #ffffff;\">Nature report for town planning, Asuntos\u00e4\u00e4ti\u00f6, 2024<\/span><\/li>\n<li><span style=\"color: #ffffff;\">A report about biowaste recycling in Finland, Estonia, Lithuania and Poland,<\/span>&nbsp;published as part of FinBaltRecycling co-operation, ordered by Ministry of Environment and financed by Ministry of Foreign Affairs. The report is found&nbsp;<a href=\"https:\/\/www.eastcham.fi\/finnishwastemanagement\/circular-economy\/biowaste-and-nutrient-recycling\/biowaste\/recommendations-for-successful-biowaste-prevention-collection-and-management\/current-situation-in-biowaste-management-and-improvement-recommendations-in-estonia-lithuania-poland-and-finland\/\">here<\/a>, 2023.&nbsp;<\/li>\n<li><span style=\"color: #ffffff;\">Reports for Laihia and Joutsa Municipalities about waste management legislation changes, and for Yl\u00e4-Savo waste management board about changes for companies, 2022-2023, and for Luhanka municipality 2024<\/span><\/li>\n<li><span style=\"color: #ffffff;\">Nature surveys for ELY centers 2021-2023<\/span><\/li>\n<li><span style=\"color: #ffffff;\">A report about a possible visitor and guiding centre for HSY, 2019<\/span><\/li>\n<li><span style=\"color: #ffffff;\">A Market Survey for a waste water cleaning product, 2016<\/span><\/li>\n<li><span style=\"color: #ffffff;\">Energy poverty of a low-income detached house\tdweller - Further analysis of energy poverty in heating renovations and energy costs of this apartment, Ministry of the Environment, 2014 (with Tyrsky-Konsultointi Oy), <a style=\"color: #ffffff;\" href=\"https:\/\/julkaisut.valtioneuvosto.fi\/handle\/10138\/153653\">Report<\/a><\/span><\/li>\n<li class=\"translation-block\">Report: Uusiouutiset 3\/2015<\/li>\n<li><span style=\"color: #ffffff;\">NATNET Life+ baseline follow-ups \u2013 Nature report of South-West Lapland (birds, plants, fungus). 2013. ELY-centre of Lapland, www.natnet.fi.<\/span><\/li>\n<li><span style=\"color: #ffffff;\">A report about improving energy efficiency in properties, Matinkyl\u00e4n Huolto Oy<\/span><\/li>\n<li><span style=\"color: #ffffff;\">A report about international waste transfers, Akkuser Oy and other international companies<\/span><\/li>\n<\/ul>\n<h3><span style=\"color: #ffffff;\">Environmental permits and related consultancy<\/span><\/h3>\n<ul>\n<li><span style=\"color: #ffffff;\">Akkuser Oy and international companies: permit issues for international waste transfers and other environmental and other permit issues for battery field<\/span><\/li>\n<li><span style=\"color: #ffffff;\">Finkapa Oy<\/span><\/li>\n<li><span style=\"color: #ffffff;\">Usvola Ky<\/span><\/li>\n<li><span style=\"color: #ffffff;\">Environmental permits and reports about soil and water analyses for several soil landfills (Kuljetusliike Usvola Ky, Finkapa Oy, Mustonen &amp; Vilkman)<\/span><\/li>\n<li><span style=\"color: #ffffff;\">Savuhovi Oy: Environmental Permit for food industry, and also for an other company 2023-2024<\/span><\/li>\n<li><span style=\"color: #ffffff;\">Environmental permit issues for plastic reycling companies<\/span><\/li><li><span style=\"color: #ffffff;\">Factory for pieces of metal furniture and their relocation<\/span><\/li>\n<li><span style=\"color: #ffffff;\">Reports about contaminated soil for real estate companies and Rakennus Omera Oy<\/span><\/li>\n<li><span style=\"color: #ffffff;\">Helping with city planning for a company<\/span><\/li>\n<\/ul>\n<h3><span style=\"color: #ffffff;\">Bookkeeping<\/span><\/h3>\n<ul>\n<li><span style=\"color: #ffffff;\">EcoChange performs bookkeeping for some small companies<\/span><\/li>\n<\/ul>\n<h3><span style=\"color: #ffffff;\">Muut referenssit<\/span><\/h3>\n<ul>\n<li><span style=\"color: #ffffff;\">Running a 1,5 million euros project for building a water and waste water and fibre opticts network in Vestra and Keimola at Vantaa with a team of residents, 2017-2019<\/span><\/li>\n<\/ul>\t\t\t\t\t\t\t\t<\/div>\n\t\t\t\t<\/div>\n\t\t\t\t\t<\/div>\n\t\t<\/div>\n\t\t\t\t\t<\/div>\n\t\t<\/section>\n\t\t\t\t<\/div>","protected":false},"excerpt":{"rendered":"<p>Referenssit EcoChange Oy:lta l\u00f6ytyy kokemusta muun muassa seuraavilta osa-alueilta: J\u00e4tehuollon kehitt\u00e4minen Ymp\u00e4rist\u00f6koulutus Viestint\u00e4 Ilmastoraportit Ymp\u00e4rist\u00f6j\u00e4rjestelm\u00e4t Hiilijalanj\u00e4ljet Selvitykset Ymp\u00e4rist\u00f6luvat Kirjanpito Voit lukea EcoChange Oy:n referenssit alta. Referenssit: J\u00e4tehuollon kehitt\u00e4mist\u00e4 yrityksille, j\u00e4tehuoltosuunnitelmia J\u00e4tehuoltoa kehitt\u00e4m\u00e4ll\u00e4 ja kilpailuttamalla voi saada&nbsp;merkitt\u00e4v\u00e4\u00e4 s\u00e4\u00e4st\u00f6\u00e4, jopa yli 50 % j\u00e4tehuoltokuluista. J\u00e4tehuolto-ohje rakennusty\u00f6maille (rakennuttayritys) HYY Kiinteist\u00f6t (nykyinen YLVA), useita keskustakiinteist\u00f6j\u00e4, joissa useita yrityksi\u00e4 Keskin\u00e4inen [&hellip;]<\/p>\n","protected":false},"author":2,"featured_media":0,"parent":0,"menu_order":0,"comment_status":"closed","ping_status":"closed","template":"","meta":{"site-sidebar-layout":"default","site-content-layout":"","ast-site-content-layout":"default","site-content-style":"default","site-sidebar-style":"default","ast-global-header-display":"","ast-banner-title-visibility":"","ast-main-header-display":"","ast-hfb-above-header-display":"","ast-hfb-below-header-display":"","ast-hfb-mobile-header-display":"","site-post-title":"","ast-breadcrumbs-content":"","ast-featured-img":"","footer-sml-layout":"","theme-transparent-header-meta":"","adv-header-id-meta":"","stick-header-meta":"","header-above-stick-meta":"","header-main-stick-meta":"","header-below-stick-meta":"","astra-migrate-meta-layouts":"set","ast-page-background-enabled":"default","ast-page-background-meta":{"desktop":{"background-color":"var(--ast-global-color-4)","background-image":"","background-repeat":"repeat","background-position":"center center","background-size":"auto","background-attachment":"scroll","background-type":"","background-media":"","overlay-type":"","overlay-color":"","overlay-opacity":"","overlay-gradient":""},"tablet":{"background-color":"","background-image":"","background-repeat":"repeat","background-position":"center center","background-size":"auto","background-attachment":"scroll","background-type":"","background-media":"","overlay-type":"","overlay-color":"","overlay-opacity":"","overlay-gradient":""},"mobile":{"background-color":"","background-image":"","background-repeat":"repeat","background-position":"center center","background-size":"auto","background-attachment":"scroll","background-type":"","background-media":"","overlay-type":"","overlay-color":"","overlay-opacity":"","overlay-gradient":""}},"ast-content-background-meta":{"desktop":{"background-color":"var(--ast-global-color-5)","background-image":"","background-repeat":"repeat","background-position":"center center","background-size":"auto","background-attachment":"scroll","background-type":"","background-media":"","overlay-type":"","overlay-color":"","overlay-opacity":"","overlay-gradient":""},"tablet":{"background-color":"var(--ast-global-color-5)","background-image":"","background-repeat":"repeat","background-position":"center center","background-size":"auto","background-attachment":"scroll","background-type":"","background-media":"","overlay-type":"","overlay-color":"","overlay-opacity":"","overlay-gradient":""},"mobile":{"background-color":"var(--ast-global-color-5)","background-image":"","background-repeat":"repeat","background-position":"center center","background-size":"auto","background-attachment":"scroll","background-type":"","background-media":"","overlay-type":"","overlay-color":"","overlay-opacity":"","overlay-gradient":""}},"footnotes":""},"class_list":["post-73","page","type-page","status-publish","hentry"],"yoast_head":"<!-- This site is optimized with the Yoast SEO plugin v27.4 - https:\/\/yoast.com\/product\/yoast-seo-wordpress\/ -->\n<title>Referenssit - Ymp\u00e4rist\u00f6konsultointi EcoChange Oy<\/title>\n<meta name=\"description\" content=\"EcoChange Oy:lta l\u00f6ytyy monipuolista kokemusta eri ymp\u00e4rist\u00f6konsultoinnin osa-alueilta, kuten j\u00e4tehuollon kehitt\u00e4misest\u00e4. Lue referenssit!\" \/>\n<meta name=\"robots\" content=\"index, follow, max-snippet:-1, max-image-preview:large, max-video-preview:-1\" \/>\n<link rel=\"canonical\" href=\"https:\/\/www.ecochange.fi\/en\/referenssit\/\" \/>\n<meta property=\"og:locale\" content=\"en_US\" \/>\n<meta property=\"og:type\" content=\"article\" \/>\n<meta property=\"og:title\" content=\"Referenssit - Ymp\u00e4rist\u00f6konsultointi EcoChange Oy\" \/>\n<meta property=\"og:description\" content=\"EcoChange Oy:lta l\u00f6ytyy monipuolista kokemusta eri ymp\u00e4rist\u00f6konsultoinnin osa-alueilta, kuten j\u00e4tehuollon kehitt\u00e4misest\u00e4. Lue referenssit!\" \/>\n<meta property=\"og:url\" content=\"https:\/\/www.ecochange.fi\/en\/referenssit\/\" \/>\n<meta property=\"og:site_name\" content=\"Ymp\u00e4rist\u00f6konsultointi EcoChange Oy\" \/>\n<meta property=\"article:modified_time\" content=\"2024-12-19T18:10:01+00:00\" \/>\n<meta name=\"twitter:label1\" content=\"Est. reading time\" \/>\n\t<meta name=\"twitter:data1\" content=\"4 minutes\" \/>\n<script type=\"application\/ld+json\" class=\"yoast-schema-graph\">{\"@context\":\"https:\\\/\\\/schema.org\",\"@graph\":[{\"@type\":\"WebPage\",\"@id\":\"https:\\\/\\\/www.ecochange.fi\\\/referenssit\\\/\",\"url\":\"https:\\\/\\\/www.ecochange.fi\\\/referenssit\\\/\",\"name\":\"Referenssit - Ymp\u00e4rist\u00f6konsultointi EcoChange Oy\",\"isPartOf\":{\"@id\":\"https:\\\/\\\/www.ecochange.fi\\\/#website\"},\"datePublished\":\"2015-01-17T15:08:33+00:00\",\"dateModified\":\"2024-12-19T18:10:01+00:00\",\"description\":\"EcoChange Oy:lta l\u00f6ytyy monipuolista kokemusta eri ymp\u00e4rist\u00f6konsultoinnin osa-alueilta, kuten j\u00e4tehuollon kehitt\u00e4misest\u00e4. Lue referenssit!\",\"breadcrumb\":{\"@id\":\"https:\\\/\\\/www.ecochange.fi\\\/referenssit\\\/#breadcrumb\"},\"inLanguage\":\"en-US\",\"potentialAction\":[{\"@type\":\"ReadAction\",\"target\":[\"https:\\\/\\\/www.ecochange.fi\\\/referenssit\\\/\"]}]},{\"@type\":\"BreadcrumbList\",\"@id\":\"https:\\\/\\\/www.ecochange.fi\\\/referenssit\\\/#breadcrumb\",\"itemListElement\":[{\"@type\":\"ListItem\",\"position\":1,\"name\":\"Home\",\"item\":\"https:\\\/\\\/www.ecochange.fi\\\/\"},{\"@type\":\"ListItem\",\"position\":2,\"name\":\"Referenssit\"}]},{\"@type\":\"WebSite\",\"@id\":\"https:\\\/\\\/www.ecochange.fi\\\/#website\",\"url\":\"https:\\\/\\\/www.ecochange.fi\\\/\",\"name\":\"Ymp\u00e4rist\u00f6konsultointi EcoChange Oy\",\"description\":\"Planet Earth Generic Website Template\",\"publisher\":{\"@id\":\"https:\\\/\\\/www.ecochange.fi\\\/#organization\"},\"potentialAction\":[{\"@type\":\"SearchAction\",\"target\":{\"@type\":\"EntryPoint\",\"urlTemplate\":\"https:\\\/\\\/www.ecochange.fi\\\/?s={search_term_string}\"},\"query-input\":{\"@type\":\"PropertyValueSpecification\",\"valueRequired\":true,\"valueName\":\"search_term_string\"}}],\"inLanguage\":\"en-US\"},{\"@type\":\"Organization\",\"@id\":\"https:\\\/\\\/www.ecochange.fi\\\/#organization\",\"name\":\"Ymp\u00e4rist\u00f6konsultointi EcoChange Oy\",\"url\":\"https:\\\/\\\/www.ecochange.fi\\\/\",\"logo\":{\"@type\":\"ImageObject\",\"inLanguage\":\"en-US\",\"@id\":\"https:\\\/\\\/www.ecochange.fi\\\/#\\\/schema\\\/logo\\\/image\\\/\",\"url\":\"https:\\\/\\\/www.ecochange.fi\\\/wp-content\\\/uploads\\\/2015\\\/04\\\/cropped-cropped-cropped-cropped-EC-logo_750px.png\",\"contentUrl\":\"https:\\\/\\\/www.ecochange.fi\\\/wp-content\\\/uploads\\\/2015\\\/04\\\/cropped-cropped-cropped-cropped-EC-logo_750px.png\",\"width\":686,\"height\":188,\"caption\":\"Ymp\u00e4rist\u00f6konsultointi EcoChange Oy\"},\"image\":{\"@id\":\"https:\\\/\\\/www.ecochange.fi\\\/#\\\/schema\\\/logo\\\/image\\\/\"}}]}<\/script>\n<!-- \/ Yoast SEO plugin. -->","yoast_head_json":{"title":"Referenssit - Ymp\u00e4rist\u00f6konsultointi EcoChange Oy","description":"EcoChange Oy:lta l\u00f6ytyy monipuolista kokemusta eri ymp\u00e4rist\u00f6konsultoinnin osa-alueilta, kuten j\u00e4tehuollon kehitt\u00e4misest\u00e4. Lue referenssit!","robots":{"index":"index","follow":"follow","max-snippet":"max-snippet:-1","max-image-preview":"max-image-preview:large","max-video-preview":"max-video-preview:-1"},"canonical":"https:\/\/www.ecochange.fi\/en\/referenssit\/","og_locale":"en_US","og_type":"article","og_title":"Referenssit - Ymp\u00e4rist\u00f6konsultointi EcoChange Oy","og_description":"EcoChange Oy:lta l\u00f6ytyy monipuolista kokemusta eri ymp\u00e4rist\u00f6konsultoinnin osa-alueilta, kuten j\u00e4tehuollon kehitt\u00e4misest\u00e4. Lue referenssit!","og_url":"https:\/\/www.ecochange.fi\/en\/referenssit\/","og_site_name":"Ymp\u00e4rist\u00f6konsultointi EcoChange Oy","article_modified_time":"2024-12-19T18:10:01+00:00","twitter_misc":{"Est. reading time":"4 minutes"},"schema":{"@context":"https:\/\/schema.org","@graph":[{"@type":"WebPage","@id":"https:\/\/www.ecochange.fi\/referenssit\/","url":"https:\/\/www.ecochange.fi\/referenssit\/","name":"Referenssit - Ymp\u00e4rist\u00f6konsultointi EcoChange Oy","isPartOf":{"@id":"https:\/\/www.ecochange.fi\/#website"},"datePublished":"2015-01-17T15:08:33+00:00","dateModified":"2024-12-19T18:10:01+00:00","description":"EcoChange Oy:lta l\u00f6ytyy monipuolista kokemusta eri ymp\u00e4rist\u00f6konsultoinnin osa-alueilta, kuten j\u00e4tehuollon kehitt\u00e4misest\u00e4. Lue referenssit!","breadcrumb":{"@id":"https:\/\/www.ecochange.fi\/referenssit\/#breadcrumb"},"inLanguage":"en-US","potentialAction":[{"@type":"ReadAction","target":["https:\/\/www.ecochange.fi\/referenssit\/"]}]},{"@type":"BreadcrumbList","@id":"https:\/\/www.ecochange.fi\/referenssit\/#breadcrumb","itemListElement":[{"@type":"ListItem","position":1,"name":"Home","item":"https:\/\/www.ecochange.fi\/"},{"@type":"ListItem","position":2,"name":"Referenssit"}]},{"@type":"WebSite","@id":"https:\/\/www.ecochange.fi\/#website","url":"https:\/\/www.ecochange.fi\/","name":"Environmental Consulting EcoChange Ltd.","description":"Planet Earth Generic Website Template","publisher":{"@id":"https:\/\/www.ecochange.fi\/#organization"},"potentialAction":[{"@type":"SearchAction","target":{"@type":"EntryPoint","urlTemplate":"https:\/\/www.ecochange.fi\/?s={search_term_string}"},"query-input":{"@type":"PropertyValueSpecification","valueRequired":true,"valueName":"search_term_string"}}],"inLanguage":"en-US"},{"@type":"Organization","@id":"https:\/\/www.ecochange.fi\/#organization","name":"Environmental Consulting EcoChange Ltd.","url":"https:\/\/www.ecochange.fi\/","logo":{"@type":"ImageObject","inLanguage":"en-US","@id":"https:\/\/www.ecochange.fi\/#\/schema\/logo\/image\/","url":"https:\/\/www.ecochange.fi\/wp-content\/uploads\/2015\/04\/cropped-cropped-cropped-cropped-EC-logo_750px.png","contentUrl":"https:\/\/www.ecochange.fi\/wp-content\/uploads\/2015\/04\/cropped-cropped-cropped-cropped-EC-logo_750px.png","width":686,"height":188,"caption":"Ymp\u00e4rist\u00f6konsultointi EcoChange Oy"},"image":{"@id":"https:\/\/www.ecochange.fi\/#\/schema\/logo\/image\/"}}]}},"_links":{"self":[{"href":"https:\/\/www.ecochange.fi\/en\/wp-json\/wp\/v2\/pages\/73","targetHints":{"allow":["GET"]}}],"collection":[{"href":"https:\/\/www.ecochange.fi\/en\/wp-json\/wp\/v2\/pages"}],"about":[{"href":"https:\/\/www.ecochange.fi\/en\/wp-json\/wp\/v2\/types\/page"}],"author":[{"embeddable":true,"href":"https:\/\/www.ecochange.fi\/en\/wp-json\/wp\/v2\/users\/2"}],"replies":[{"embeddable":true,"href":"https:\/\/www.ecochange.fi\/en\/wp-json\/wp\/v2\/comments?post=73"}],"version-history":[{"count":66,"href":"https:\/\/www.ecochange.fi\/en\/wp-json\/wp\/v2\/pages\/73\/revisions"}],"predecessor-version":[{"id":4932,"href":"https:\/\/www.ecochange.fi\/en\/wp-json\/wp\/v2\/pages\/73\/revisions\/4932"}],"wp:attachment":[{"href":"https:\/\/www.ecochange.fi\/en\/wp-json\/wp\/v2\/media?parent=73"}],"curies":[{"name":"wp","href":"https:\/\/api.w.org\/{rel}","templated":true}]}}