{"id":954,"date":"2023-08-10T09:05:25","date_gmt":"2023-08-10T09:05:25","guid":{"rendered":"https:\/\/www.ecochange.fi\/?page_id=954"},"modified":"2025-02-13T16:44:59","modified_gmt":"2025-02-13T16:44:59","slug":"jatteetresurssitehokkuus","status":"publish","type":"page","link":"https:\/\/www.ecochange.fi\/en\/palvelut\/jatteetresurssitehokkuus\/","title":{"rendered":"Waste Management and Resource Efficiency Consulting"},"content":{"rendered":"<div data-elementor-type=\"wp-page\" data-elementor-id=\"954\" class=\"elementor elementor-954\">\n\t\t\t\t\t\t<section class=\"elementor-section elementor-top-section elementor-element elementor-element-dyit6qb elementor-section-content-top elementor-section-boxed elementor-section-height-default elementor-section-height-default\" data-id=\"dyit6qb\" data-element_type=\"section\" data-e-type=\"section\">\n\t\t\t\t\t\t\t<div class=\"elementor-background-overlay\"><\/div>\n\t\t\t\t\t\t\t<div class=\"elementor-container elementor-column-gap-no\">\n\t\t\t\t\t<div class=\"elementor-column elementor-col-50 elementor-top-column elementor-element elementor-element-ac6cc55\" data-id=\"ac6cc55\" data-element_type=\"column\" data-e-type=\"column\">\n\t\t\t<div class=\"elementor-widget-wrap elementor-element-populated\">\n\t\t\t\t\t\t<div class=\"elementor-element elementor-element-13c46b5 elementor-widget elementor-widget-heading\" data-id=\"13c46b5\" data-element_type=\"widget\" data-e-type=\"widget\" data-widget_type=\"heading.default\">\n\t\t\t\t<div class=\"elementor-widget-container\">\n\t\t\t\t\t<h5 class=\"elementor-heading-title elementor-size-default\">Services<\/h5>\t\t\t\t<\/div>\n\t\t\t\t<\/div>\n\t\t\t\t<div class=\"elementor-element elementor-element-2db6d12 elementor-widget elementor-widget-heading\" data-id=\"2db6d12\" data-element_type=\"widget\" data-e-type=\"widget\" data-widget_type=\"heading.default\">\n\t\t\t\t<div class=\"elementor-widget-container\">\n\t\t\t\t\t<h2 class=\"elementor-heading-title elementor-size-default\">Waste Management and Resource Efficiency Consulting<br><\/h2>\t\t\t\t<\/div>\n\t\t\t\t<\/div>\n\t\t\t\t\t<\/div>\n\t\t<\/div>\n\t\t\t\t<div class=\"elementor-column elementor-col-50 elementor-top-column elementor-element elementor-element-132dae5\" data-id=\"132dae5\" data-element_type=\"column\" data-e-type=\"column\">\n\t\t\t<div class=\"elementor-widget-wrap elementor-element-populated\">\n\t\t\t\t\t\t<div class=\"elementor-element elementor-element-c81d73e elementor-widget elementor-widget-text-editor\" data-id=\"c81d73e\" data-element_type=\"widget\" data-e-type=\"widget\" data-widget_type=\"text-editor.default\">\n\t\t\t\t<div class=\"elementor-widget-container\">\n\t\t\t\t\t\t\t\t\t<p><span style=\"color: #000000;\">We are experienced in the field of Waste Management, and we provide Waste Management Consulting for companies and communities.<\/span><\/p>\t\t\t\t\t\t\t\t<\/div>\n\t\t\t\t<\/div>\n\t\t\t\t<div class=\"elementor-element elementor-element-360dc1d elementor-widget elementor-widget-text-editor\" data-id=\"360dc1d\" data-element_type=\"widget\" data-e-type=\"widget\" data-widget_type=\"text-editor.default\">\n\t\t\t\t<div class=\"elementor-widget-container\">\n\t\t\t\t\t\t\t\t\t<p><span style=\"color: #000000;\">J\u00e4tehuoltoa kehitt\u00e4m\u00e4ll\u00e4 ja kilpailuttamalla voitte saada merkitt\u00e4vi\u00e4, joskus jopa kymmenien tuhansien eurojen vuosis\u00e4\u00e4st\u00f6j\u00e4. Pakettiin\u00a0<\/span><span style=\"color: #000000;\">sis\u00e4ltyy my\u00f6s tietoiskut ja ohjeistukset. Kaatopaikalle ei yhdyskuntaj\u00e4tett\u00e4 en\u00e4\u00e4 juurikaan mene, mutta kierr\u00e4tyksen osuus on viel\u00e4 liian pieni energiahy\u00f6dynt\u00e4miseen n\u00e4hden. Kierr\u00e4tyst\u00e4 on lis\u00e4tt\u00e4v\u00e4 ja siirrytt\u00e4v\u00e4 kiertotalouteen.<br \/><br \/>Our experts also investigate the possibilities of resource efficiency. We do even demanding Waste Management and Resource Efficiency surveys, such as Material Efficiency Consulting.<br \/><\/span><\/p>\t\t\t\t\t\t\t\t<\/div>\n\t\t\t\t<\/div>\n\t\t\t\t\t<\/div>\n\t\t<\/div>\n\t\t\t\t\t<\/div>\n\t\t<\/section>\n\t\t\t\t<section class=\"elementor-section elementor-top-section elementor-element elementor-element-dd85ed7 elementor-section-boxed elementor-section-height-default elementor-section-height-default\" data-id=\"dd85ed7\" data-element_type=\"section\" data-e-type=\"section\">\n\t\t\t\t\t\t<div class=\"elementor-container elementor-column-gap-default\">\n\t\t\t\t\t<div class=\"elementor-column elementor-col-100 elementor-top-column elementor-element elementor-element-4382d3f\" data-id=\"4382d3f\" data-element_type=\"column\" data-e-type=\"column\">\n\t\t\t<div class=\"elementor-widget-wrap elementor-element-populated\">\n\t\t\t\t\t\t<div class=\"elementor-element elementor-element-db1c38f elementor-align-center elementor-widget elementor-widget-button\" data-id=\"db1c38f\" data-element_type=\"widget\" data-e-type=\"widget\" data-widget_type=\"button.default\">\n\t\t\t\t<div class=\"elementor-widget-container\">\n\t\t\t\t\t\t\t\t\t<div class=\"elementor-button-wrapper\">\n\t\t\t\t\t<a class=\"elementor-button elementor-button-link elementor-size-sm\" href=\"https:\/\/www.ecochange.fi\/en\/yhteystiedot\/\">\n\t\t\t\t\t\t<span class=\"elementor-button-content-wrapper\">\n\t\t\t\t\t\t\t\t\t<span class=\"elementor-button-text\">Contact Us<\/span>\n\t\t\t\t\t<\/span>\n\t\t\t\t\t<\/a>\n\t\t\t\t<\/div>\n\t\t\t\t\t\t\t\t<\/div>\n\t\t\t\t<\/div>\n\t\t\t\t<div class=\"elementor-element elementor-element-ed480e1 elementor-align-center elementor-widget elementor-widget-button\" data-id=\"ed480e1\" data-element_type=\"widget\" data-e-type=\"widget\" data-widget_type=\"button.default\">\n\t\t\t\t<div class=\"elementor-widget-container\">\n\t\t\t\t\t\t\t\t\t<div class=\"elementor-button-wrapper\">\n\t\t\t\t\t<a class=\"elementor-button elementor-button-link elementor-size-sm\" href=\"https:\/\/www.ecochange.fi\/en\/palvelut\/\">\n\t\t\t\t\t\t<span class=\"elementor-button-content-wrapper\">\n\t\t\t\t\t\t\t\t\t<span class=\"elementor-button-text\">Other Services<\/span>\n\t\t\t\t\t<\/span>\n\t\t\t\t\t<\/a>\n\t\t\t\t<\/div>\n\t\t\t\t\t\t\t\t<\/div>\n\t\t\t\t<\/div>\n\t\t\t\t\t<\/div>\n\t\t<\/div>\n\t\t\t\t\t<\/div>\n\t\t<\/section>\n\t\t\t\t<\/div>","protected":false},"excerpt":{"rendered":"<p>Palvelut J\u00e4tekonsultointi ja resurssitehokkuus Meill\u00e4 on vankka asiantuntemus j\u00e4tealalta, ja tarjoamme j\u00e4tekonsultointia yrityksille ja yhteis\u00f6ille. J\u00e4tehuoltoa kehitt\u00e4m\u00e4ll\u00e4 ja kilpailuttamalla voitte saada merkitt\u00e4vi\u00e4, joskus jopa kymmenien tuhansien eurojen vuosis\u00e4\u00e4st\u00f6j\u00e4. Pakettiin\u00a0sis\u00e4ltyy my\u00f6s tietoiskut ja ohjeistukset. Kaatopaikalle ei yhdyskuntaj\u00e4tett\u00e4 en\u00e4\u00e4 juurikaan mene, mutta kierr\u00e4tyksen osuus on viel\u00e4 liian pieni energiahy\u00f6dynt\u00e4miseen n\u00e4hden. Kierr\u00e4tyst\u00e4 on lis\u00e4tt\u00e4v\u00e4 ja siirrytt\u00e4v\u00e4 kiertotalouteen. Asiantuntijamme [&hellip;]<\/p>\n","protected":false},"author":3,"featured_media":0,"parent":19,"menu_order":1,"comment_status":"closed","ping_status":"closed","template":"","meta":{"site-sidebar-layout":"default","site-content-layout":"","ast-site-content-layout":"","site-content-style":"default","site-sidebar-style":"default","ast-global-header-display":"","ast-banner-title-visibility":"","ast-main-header-display":"","ast-hfb-above-header-display":"","ast-hfb-below-header-display":"","ast-hfb-mobile-header-display":"","site-post-title":"","ast-breadcrumbs-content":"","ast-featured-img":"","footer-sml-layout":"","theme-transparent-header-meta":"","adv-header-id-meta":"","stick-header-meta":"","header-above-stick-meta":"","header-main-stick-meta":"","header-below-stick-meta":"","astra-migrate-meta-layouts":"default","ast-page-background-enabled":"default","ast-page-background-meta":{"desktop":{"background-color":"var(--ast-global-color-4)","background-image":"","background-repeat":"repeat","background-position":"center center","background-size":"auto","background-attachment":"scroll","background-type":"","background-media":"","overlay-type":"","overlay-color":"","overlay-opacity":"","overlay-gradient":""},"tablet":{"background-color":"","background-image":"","background-repeat":"repeat","background-position":"center center","background-size":"auto","background-attachment":"scroll","background-type":"","background-media":"","overlay-type":"","overlay-color":"","overlay-opacity":"","overlay-gradient":""},"mobile":{"background-color":"","background-image":"","background-repeat":"repeat","background-position":"center center","background-size":"auto","background-attachment":"scroll","background-type":"","background-media":"","overlay-type":"","overlay-color":"","overlay-opacity":"","overlay-gradient":""}},"ast-content-background-meta":{"desktop":{"background-color":"var(--ast-global-color-5)","background-image":"","background-repeat":"repeat","background-position":"center center","background-size":"auto","background-attachment":"scroll","background-type":"","background-media":"","overlay-type":"","overlay-color":"","overlay-opacity":"","overlay-gradient":""},"tablet":{"background-color":"var(--ast-global-color-5)","background-image":"","background-repeat":"repeat","background-position":"center center","background-size":"auto","background-attachment":"scroll","background-type":"","background-media":"","overlay-type":"","overlay-color":"","overlay-opacity":"","overlay-gradient":""},"mobile":{"background-color":"var(--ast-global-color-5)","background-image":"","background-repeat":"repeat","background-position":"center center","background-size":"auto","background-attachment":"scroll","background-type":"","background-media":"","overlay-type":"","overlay-color":"","overlay-opacity":"","overlay-gradient":""}},"footnotes":""},"class_list":["post-954","page","type-page","status-publish","hentry"],"yoast_head":"<!-- This site is optimized with the Yoast SEO plugin v27.4 - https:\/\/yoast.com\/product\/yoast-seo-wordpress\/ -->\n<title>J\u00e4tekonsultointi ja resurssitehokkuus EcoChange Oy<\/title>\n<meta name=\"description\" content=\"Meill\u00e4 on vankka asiantuntemus j\u00e4tealalta. Teemme my\u00f6s vaativiakin j\u00e4tehuollon ja resurssitehokkuuden selvityksi\u00e4, kuten materiaalitehokkuuskonsultointia.\" \/>\n<meta name=\"robots\" content=\"index, follow, max-snippet:-1, max-image-preview:large, max-video-preview:-1\" \/>\n<link rel=\"canonical\" href=\"https:\/\/www.ecochange.fi\/en\/palvelut\/jatteetresurssitehokkuus\/\" \/>\n<meta property=\"og:locale\" content=\"en_US\" \/>\n<meta property=\"og:type\" content=\"article\" \/>\n<meta property=\"og:title\" content=\"J\u00e4tekonsultointi ja resurssitehokkuus EcoChange Oy\" \/>\n<meta property=\"og:description\" content=\"Meill\u00e4 on vankka asiantuntemus j\u00e4tealalta. Teemme my\u00f6s vaativiakin j\u00e4tehuollon ja resurssitehokkuuden selvityksi\u00e4, kuten materiaalitehokkuuskonsultointia.\" \/>\n<meta property=\"og:url\" content=\"https:\/\/www.ecochange.fi\/en\/palvelut\/jatteetresurssitehokkuus\/\" \/>\n<meta property=\"og:site_name\" content=\"Ymp\u00e4rist\u00f6konsultointi EcoChange Oy\" \/>\n<meta property=\"article:modified_time\" content=\"2025-02-13T16:44:59+00:00\" \/>\n<meta name=\"twitter:label1\" content=\"Est. reading time\" \/>\n\t<meta name=\"twitter:data1\" content=\"1 minute\" \/>\n<script type=\"application\/ld+json\" class=\"yoast-schema-graph\">{\"@context\":\"https:\\\/\\\/schema.org\",\"@graph\":[{\"@type\":\"WebPage\",\"@id\":\"https:\\\/\\\/www.ecochange.fi\\\/palvelut\\\/jatteetresurssitehokkuus\\\/\",\"url\":\"https:\\\/\\\/www.ecochange.fi\\\/palvelut\\\/jatteetresurssitehokkuus\\\/\",\"name\":\"J\u00e4tekonsultointi ja resurssitehokkuus EcoChange Oy\",\"isPartOf\":{\"@id\":\"https:\\\/\\\/www.ecochange.fi\\\/#website\"},\"datePublished\":\"2023-08-10T09:05:25+00:00\",\"dateModified\":\"2025-02-13T16:44:59+00:00\",\"description\":\"Meill\u00e4 on vankka asiantuntemus j\u00e4tealalta. Teemme my\u00f6s vaativiakin j\u00e4tehuollon ja resurssitehokkuuden selvityksi\u00e4, kuten materiaalitehokkuuskonsultointia.\",\"breadcrumb\":{\"@id\":\"https:\\\/\\\/www.ecochange.fi\\\/palvelut\\\/jatteetresurssitehokkuus\\\/#breadcrumb\"},\"inLanguage\":\"en-US\",\"potentialAction\":[{\"@type\":\"ReadAction\",\"target\":[\"https:\\\/\\\/www.ecochange.fi\\\/palvelut\\\/jatteetresurssitehokkuus\\\/\"]}]},{\"@type\":\"BreadcrumbList\",\"@id\":\"https:\\\/\\\/www.ecochange.fi\\\/palvelut\\\/jatteetresurssitehokkuus\\\/#breadcrumb\",\"itemListElement\":[{\"@type\":\"ListItem\",\"position\":1,\"name\":\"Home\",\"item\":\"https:\\\/\\\/www.ecochange.fi\\\/\"},{\"@type\":\"ListItem\",\"position\":2,\"name\":\"Palvelut\",\"item\":\"https:\\\/\\\/www.ecochange.fi\\\/palvelut\\\/\"},{\"@type\":\"ListItem\",\"position\":3,\"name\":\"J\u00e4tekonsultointi ja resurssitehokkuus\"}]},{\"@type\":\"WebSite\",\"@id\":\"https:\\\/\\\/www.ecochange.fi\\\/#website\",\"url\":\"https:\\\/\\\/www.ecochange.fi\\\/\",\"name\":\"Ymp\u00e4rist\u00f6konsultointi EcoChange Oy\",\"description\":\"Planet Earth Generic Website Template\",\"publisher\":{\"@id\":\"https:\\\/\\\/www.ecochange.fi\\\/#organization\"},\"potentialAction\":[{\"@type\":\"SearchAction\",\"target\":{\"@type\":\"EntryPoint\",\"urlTemplate\":\"https:\\\/\\\/www.ecochange.fi\\\/?s={search_term_string}\"},\"query-input\":{\"@type\":\"PropertyValueSpecification\",\"valueRequired\":true,\"valueName\":\"search_term_string\"}}],\"inLanguage\":\"en-US\"},{\"@type\":\"Organization\",\"@id\":\"https:\\\/\\\/www.ecochange.fi\\\/#organization\",\"name\":\"Ymp\u00e4rist\u00f6konsultointi EcoChange Oy\",\"url\":\"https:\\\/\\\/www.ecochange.fi\\\/\",\"logo\":{\"@type\":\"ImageObject\",\"inLanguage\":\"en-US\",\"@id\":\"https:\\\/\\\/www.ecochange.fi\\\/#\\\/schema\\\/logo\\\/image\\\/\",\"url\":\"https:\\\/\\\/www.ecochange.fi\\\/wp-content\\\/uploads\\\/2015\\\/04\\\/cropped-cropped-cropped-cropped-EC-logo_750px.png\",\"contentUrl\":\"https:\\\/\\\/www.ecochange.fi\\\/wp-content\\\/uploads\\\/2015\\\/04\\\/cropped-cropped-cropped-cropped-EC-logo_750px.png\",\"width\":686,\"height\":188,\"caption\":\"Ymp\u00e4rist\u00f6konsultointi EcoChange Oy\"},\"image\":{\"@id\":\"https:\\\/\\\/www.ecochange.fi\\\/#\\\/schema\\\/logo\\\/image\\\/\"}}]}<\/script>\n<!-- \/ Yoast SEO plugin. -->","yoast_head_json":{"title":"J\u00e4tekonsultointi ja resurssitehokkuus EcoChange Oy","description":"Meill\u00e4 on vankka asiantuntemus j\u00e4tealalta. Teemme my\u00f6s vaativiakin j\u00e4tehuollon ja resurssitehokkuuden selvityksi\u00e4, kuten materiaalitehokkuuskonsultointia.","robots":{"index":"index","follow":"follow","max-snippet":"max-snippet:-1","max-image-preview":"max-image-preview:large","max-video-preview":"max-video-preview:-1"},"canonical":"https:\/\/www.ecochange.fi\/en\/palvelut\/jatteetresurssitehokkuus\/","og_locale":"en_US","og_type":"article","og_title":"J\u00e4tekonsultointi ja resurssitehokkuus EcoChange Oy","og_description":"Meill\u00e4 on vankka asiantuntemus j\u00e4tealalta. Teemme my\u00f6s vaativiakin j\u00e4tehuollon ja resurssitehokkuuden selvityksi\u00e4, kuten materiaalitehokkuuskonsultointia.","og_url":"https:\/\/www.ecochange.fi\/en\/palvelut\/jatteetresurssitehokkuus\/","og_site_name":"Ymp\u00e4rist\u00f6konsultointi EcoChange Oy","article_modified_time":"2025-02-13T16:44:59+00:00","twitter_misc":{"Est. reading time":"1 minute"},"schema":{"@context":"https:\/\/schema.org","@graph":[{"@type":"WebPage","@id":"https:\/\/www.ecochange.fi\/palvelut\/jatteetresurssitehokkuus\/","url":"https:\/\/www.ecochange.fi\/palvelut\/jatteetresurssitehokkuus\/","name":"J\u00e4tekonsultointi ja resurssitehokkuus EcoChange Oy","isPartOf":{"@id":"https:\/\/www.ecochange.fi\/#website"},"datePublished":"2023-08-10T09:05:25+00:00","dateModified":"2025-02-13T16:44:59+00:00","description":"Meill\u00e4 on vankka asiantuntemus j\u00e4tealalta. Teemme my\u00f6s vaativiakin j\u00e4tehuollon ja resurssitehokkuuden selvityksi\u00e4, kuten materiaalitehokkuuskonsultointia.","breadcrumb":{"@id":"https:\/\/www.ecochange.fi\/palvelut\/jatteetresurssitehokkuus\/#breadcrumb"},"inLanguage":"en-US","potentialAction":[{"@type":"ReadAction","target":["https:\/\/www.ecochange.fi\/palvelut\/jatteetresurssitehokkuus\/"]}]},{"@type":"BreadcrumbList","@id":"https:\/\/www.ecochange.fi\/palvelut\/jatteetresurssitehokkuus\/#breadcrumb","itemListElement":[{"@type":"ListItem","position":1,"name":"Home","item":"https:\/\/www.ecochange.fi\/"},{"@type":"ListItem","position":2,"name":"Palvelut","item":"https:\/\/www.ecochange.fi\/palvelut\/"},{"@type":"ListItem","position":3,"name":"J\u00e4tekonsultointi ja resurssitehokkuus"}]},{"@type":"WebSite","@id":"https:\/\/www.ecochange.fi\/#website","url":"https:\/\/www.ecochange.fi\/","name":"Environmental Consulting EcoChange Ltd.","description":"Planet Earth Generic Website Template","publisher":{"@id":"https:\/\/www.ecochange.fi\/#organization"},"potentialAction":[{"@type":"SearchAction","target":{"@type":"EntryPoint","urlTemplate":"https:\/\/www.ecochange.fi\/?s={search_term_string}"},"query-input":{"@type":"PropertyValueSpecification","valueRequired":true,"valueName":"search_term_string"}}],"inLanguage":"en-US"},{"@type":"Organization","@id":"https:\/\/www.ecochange.fi\/#organization","name":"Environmental Consulting EcoChange Ltd.","url":"https:\/\/www.ecochange.fi\/","logo":{"@type":"ImageObject","inLanguage":"en-US","@id":"https:\/\/www.ecochange.fi\/#\/schema\/logo\/image\/","url":"https:\/\/www.ecochange.fi\/wp-content\/uploads\/2015\/04\/cropped-cropped-cropped-cropped-EC-logo_750px.png","contentUrl":"https:\/\/www.ecochange.fi\/wp-content\/uploads\/2015\/04\/cropped-cropped-cropped-cropped-EC-logo_750px.png","width":686,"height":188,"caption":"Ymp\u00e4rist\u00f6konsultointi EcoChange Oy"},"image":{"@id":"https:\/\/www.ecochange.fi\/#\/schema\/logo\/image\/"}}]}},"_links":{"self":[{"href":"https:\/\/www.ecochange.fi\/en\/wp-json\/wp\/v2\/pages\/954","targetHints":{"allow":["GET"]}}],"collection":[{"href":"https:\/\/www.ecochange.fi\/en\/wp-json\/wp\/v2\/pages"}],"about":[{"href":"https:\/\/www.ecochange.fi\/en\/wp-json\/wp\/v2\/types\/page"}],"author":[{"embeddable":true,"href":"https:\/\/www.ecochange.fi\/en\/wp-json\/wp\/v2\/users\/3"}],"replies":[{"embeddable":true,"href":"https:\/\/www.ecochange.fi\/en\/wp-json\/wp\/v2\/comments?post=954"}],"version-history":[{"count":45,"href":"https:\/\/www.ecochange.fi\/en\/wp-json\/wp\/v2\/pages\/954\/revisions"}],"predecessor-version":[{"id":5108,"href":"https:\/\/www.ecochange.fi\/en\/wp-json\/wp\/v2\/pages\/954\/revisions\/5108"}],"up":[{"embeddable":true,"href":"https:\/\/www.ecochange.fi\/en\/wp-json\/wp\/v2\/pages\/19"}],"wp:attachment":[{"href":"https:\/\/www.ecochange.fi\/en\/wp-json\/wp\/v2\/media?parent=954"}],"curies":[{"name":"wp","href":"https:\/\/api.w.org\/{rel}","templated":true}]}}