{"id":973,"date":"2023-08-10T09:29:36","date_gmt":"2023-08-10T09:29:36","guid":{"rendered":"https:\/\/www.ecochange.fi\/?page_id=973"},"modified":"2024-01-28T17:58:31","modified_gmt":"2024-01-28T17:58:31","slug":"ymparistokonsultointi","status":"publish","type":"page","link":"https:\/\/www.ecochange.fi\/en\/ymparistokonsultointi\/","title":{"rendered":"Environmental Consulting"},"content":{"rendered":"<div data-elementor-type=\"wp-page\" data-elementor-id=\"973\" class=\"elementor elementor-973\">\n\t\t\t\t\t\t<section class=\"elementor-section elementor-top-section elementor-element elementor-element-uctjf38 elementor-section-content-top elementor-section-boxed elementor-section-height-default elementor-section-height-default\" data-id=\"uctjf38\" data-element_type=\"section\" data-e-type=\"section\" data-settings=\"{&quot;background_background&quot;:&quot;classic&quot;}\">\n\t\t\t\t\t\t\t<div class=\"elementor-background-overlay\"><\/div>\n\t\t\t\t\t\t\t<div class=\"elementor-container elementor-column-gap-no\">\n\t\t\t\t\t<div class=\"elementor-column elementor-col-50 elementor-top-column elementor-element elementor-element-ac6cc55\" data-id=\"ac6cc55\" data-element_type=\"column\" data-e-type=\"column\">\n\t\t\t<div class=\"elementor-widget-wrap elementor-element-populated\">\n\t\t\t\t\t\t<div class=\"elementor-element elementor-element-13c46b5 elementor-widget elementor-widget-heading\" data-id=\"13c46b5\" data-element_type=\"widget\" data-e-type=\"widget\" data-widget_type=\"heading.default\">\n\t\t\t\t<div class=\"elementor-widget-container\">\n\t\t\t\t\t<h5 class=\"elementor-heading-title elementor-size-default\">Services<\/h5>\t\t\t\t<\/div>\n\t\t\t\t<\/div>\n\t\t\t\t<div class=\"elementor-element elementor-element-2db6d12 elementor-widget__width-initial elementor-widget elementor-widget-heading\" data-id=\"2db6d12\" data-element_type=\"widget\" data-e-type=\"widget\" data-widget_type=\"heading.default\">\n\t\t\t\t<div class=\"elementor-widget-container\">\n\t\t\t\t\t<h2 class=\"elementor-heading-title elementor-size-default\">Environmental Consulting<\/h2>\t\t\t\t<\/div>\n\t\t\t\t<\/div>\n\t\t\t\t\t<\/div>\n\t\t<\/div>\n\t\t\t\t<div class=\"elementor-column elementor-col-50 elementor-top-column elementor-element elementor-element-132dae5\" data-id=\"132dae5\" data-element_type=\"column\" data-e-type=\"column\">\n\t\t\t<div class=\"elementor-widget-wrap elementor-element-populated\">\n\t\t\t\t\t\t<div class=\"elementor-element elementor-element-c81d73e elementor-widget elementor-widget-text-editor\" data-id=\"c81d73e\" data-element_type=\"widget\" data-e-type=\"widget\" data-widget_type=\"text-editor.default\">\n\t\t\t\t<div class=\"elementor-widget-container\">\n\t\t\t\t\t\t\t\t\t<p><span style=\"color: #000000;\">EcoChange Ltd provides various Environmental Consulting Services with expertise.<\/span><\/p>\t\t\t\t\t\t\t\t<\/div>\n\t\t\t\t<\/div>\n\t\t\t\t<div class=\"elementor-element elementor-element-360dc1d elementor-widget elementor-widget-text-editor\" data-id=\"360dc1d\" data-element_type=\"widget\" data-e-type=\"widget\" data-widget_type=\"text-editor.default\">\n\t\t\t\t<div class=\"elementor-widget-container\">\n\t\t\t\t\t\t\t\t\t<p><span style=\"color: #000000;\">We offer e.g. various reports, for example related to energy efficiency and environmental issues, and drafting environmental permit applications. With the help of our consulting, your company gets, for example, image benefits. A positive public image is important for companies regardless of size.<\/span><\/p>\t\t\t\t\t\t\t\t<\/div>\n\t\t\t\t<\/div>\n\t\t\t\t\t<\/div>\n\t\t<\/div>\n\t\t\t\t\t<\/div>\n\t\t<\/section>\n\t\t\t\t<section class=\"elementor-section elementor-top-section elementor-element elementor-element-a5fac13 elementor-section-boxed elementor-section-height-default elementor-section-height-default\" data-id=\"a5fac13\" data-element_type=\"section\" data-e-type=\"section\">\n\t\t\t\t\t\t<div class=\"elementor-container elementor-column-gap-default\">\n\t\t\t\t\t<div class=\"elementor-column elementor-col-100 elementor-top-column elementor-element elementor-element-1dbddd1\" data-id=\"1dbddd1\" data-element_type=\"column\" data-e-type=\"column\">\n\t\t\t<div class=\"elementor-widget-wrap elementor-element-populated\">\n\t\t\t\t\t\t<div class=\"elementor-element elementor-element-2b214c8 elementor-align-center elementor-widget elementor-widget-button\" data-id=\"2b214c8\" data-element_type=\"widget\" data-e-type=\"widget\" data-widget_type=\"button.default\">\n\t\t\t\t<div class=\"elementor-widget-container\">\n\t\t\t\t\t\t\t\t\t<div class=\"elementor-button-wrapper\">\n\t\t\t\t\t<a class=\"elementor-button elementor-button-link elementor-size-sm\" href=\"https:\/\/www.ecochange.fi\/en\/yhteystiedot\/\">\n\t\t\t\t\t\t<span class=\"elementor-button-content-wrapper\">\n\t\t\t\t\t\t\t\t\t<span class=\"elementor-button-text\">Contact Us<\/span>\n\t\t\t\t\t<\/span>\n\t\t\t\t\t<\/a>\n\t\t\t\t<\/div>\n\t\t\t\t\t\t\t\t<\/div>\n\t\t\t\t<\/div>\n\t\t\t\t<div class=\"elementor-element elementor-element-ad73bae elementor-align-center elementor-widget elementor-widget-button\" data-id=\"ad73bae\" data-element_type=\"widget\" data-e-type=\"widget\" data-widget_type=\"button.default\">\n\t\t\t\t<div class=\"elementor-widget-container\">\n\t\t\t\t\t\t\t\t\t<div class=\"elementor-button-wrapper\">\n\t\t\t\t\t<a class=\"elementor-button elementor-button-link elementor-size-sm\" href=\"https:\/\/www.ecochange.fi\/en\/palvelut\/\">\n\t\t\t\t\t\t<span class=\"elementor-button-content-wrapper\">\n\t\t\t\t\t\t\t\t\t<span class=\"elementor-button-text\">Other Services<\/span>\n\t\t\t\t\t<\/span>\n\t\t\t\t\t<\/a>\n\t\t\t\t<\/div>\n\t\t\t\t\t\t\t\t<\/div>\n\t\t\t\t<\/div>\n\t\t\t\t\t<\/div>\n\t\t<\/div>\n\t\t\t\t\t<\/div>\n\t\t<\/section>\n\t\t\t\t<\/div>","protected":false},"excerpt":{"rendered":"<p>Palvelut Ymp\u00e4rist\u00f6konsultointi EcoChange Oy tarjoaa asiantuntemuksella erilaisia ymp\u00e4rist\u00f6konsultointipalveluja. Tarjoamme mm.\u00a0 erilaisia selvityksi\u00e4, esimerkiksi energiatehokkuuteen ja ymp\u00e4rist\u00f6asioihin liittyen, sek\u00e4 ymp\u00e4rist\u00f6lupahakemusten laadintaa. Konsultointimme avulla yrityksenne saa esimerkiksi imagohy\u00f6tyj\u00e4. Positiivinen julkisuuskuva on t\u00e4rke\u00e4\u00e4 yrityksille koosta riippumatta. Ota yhteytt\u00e4 Muut palvelut<\/p>","protected":false},"author":3,"featured_media":0,"parent":0,"menu_order":0,"comment_status":"closed","ping_status":"closed","template":"","meta":{"site-sidebar-layout":"default","site-content-layout":"","ast-site-content-layout":"","site-content-style":"default","site-sidebar-style":"default","ast-global-header-display":"","ast-banner-title-visibility":"","ast-main-header-display":"","ast-hfb-above-header-display":"","ast-hfb-below-header-display":"","ast-hfb-mobile-header-display":"","site-post-title":"","ast-breadcrumbs-content":"","ast-featured-img":"","footer-sml-layout":"","theme-transparent-header-meta":"","adv-header-id-meta":"","stick-header-meta":"","header-above-stick-meta":"","header-main-stick-meta":"","header-below-stick-meta":"","astra-migrate-meta-layouts":"default","ast-page-background-enabled":"default","ast-page-background-meta":{"desktop":{"background-color":"var(--ast-global-color-4)","background-image":"","background-repeat":"repeat","background-position":"center center","background-size":"auto","background-attachment":"scroll","background-type":"","background-media":"","overlay-type":"","overlay-color":"","overlay-opacity":"","overlay-gradient":""},"tablet":{"background-color":"","background-image":"","background-repeat":"repeat","background-position":"center center","background-size":"auto","background-attachment":"scroll","background-type":"","background-media":"","overlay-type":"","overlay-color":"","overlay-opacity":"","overlay-gradient":""},"mobile":{"background-color":"","background-image":"","background-repeat":"repeat","background-position":"center center","background-size":"auto","background-attachment":"scroll","background-type":"","background-media":"","overlay-type":"","overlay-color":"","overlay-opacity":"","overlay-gradient":""}},"ast-content-background-meta":{"desktop":{"background-color":"var(--ast-global-color-5)","background-image":"","background-repeat":"repeat","background-position":"center center","background-size":"auto","background-attachment":"scroll","background-type":"","background-media":"","overlay-type":"","overlay-color":"","overlay-opacity":"","overlay-gradient":""},"tablet":{"background-color":"var(--ast-global-color-5)","background-image":"","background-repeat":"repeat","background-position":"center center","background-size":"auto","background-attachment":"scroll","background-type":"","background-media":"","overlay-type":"","overlay-color":"","overlay-opacity":"","overlay-gradient":""},"mobile":{"background-color":"var(--ast-global-color-5)","background-image":"","background-repeat":"repeat","background-position":"center center","background-size":"auto","background-attachment":"scroll","background-type":"","background-media":"","overlay-type":"","overlay-color":"","overlay-opacity":"","overlay-gradient":""}},"footnotes":""},"class_list":["post-973","page","type-page","status-publish","hentry"],"yoast_head":"<!-- This site is optimized with the Yoast SEO plugin v27.4 - https:\/\/yoast.com\/product\/yoast-seo-wordpress\/ -->\n<title>Ymp\u00e4rist\u00f6konsultointi - Ymp\u00e4rist\u00f6konsultointi EcoChange Oy<\/title>\n<meta name=\"robots\" content=\"index, follow, max-snippet:-1, max-image-preview:large, max-video-preview:-1\" \/>\n<link rel=\"canonical\" href=\"https:\/\/www.ecochange.fi\/en\/ymparistokonsultointi\/\" \/>\n<meta property=\"og:locale\" content=\"en_US\" \/>\n<meta property=\"og:type\" content=\"article\" \/>\n<meta property=\"og:title\" content=\"Ymp\u00e4rist\u00f6konsultointi - Ymp\u00e4rist\u00f6konsultointi EcoChange Oy\" \/>\n<meta property=\"og:description\" content=\"Palvelut Ymp\u00e4rist\u00f6konsultointi EcoChange Oy tarjoaa asiantuntemuksella erilaisia ymp\u00e4rist\u00f6konsultointipalveluja. Tarjoamme mm.\u00a0 erilaisia selvityksi\u00e4, esimerkiksi energiatehokkuuteen ja ymp\u00e4rist\u00f6asioihin liittyen, sek\u00e4 ymp\u00e4rist\u00f6lupahakemusten laadintaa. Konsultointimme avulla yrityksenne saa esimerkiksi imagohy\u00f6tyj\u00e4. Positiivinen julkisuuskuva on t\u00e4rke\u00e4\u00e4 yrityksille koosta riippumatta. Ota yhteytt\u00e4 Muut palvelut\" \/>\n<meta property=\"og:url\" content=\"https:\/\/www.ecochange.fi\/en\/ymparistokonsultointi\/\" \/>\n<meta property=\"og:site_name\" content=\"Ymp\u00e4rist\u00f6konsultointi EcoChange Oy\" \/>\n<meta property=\"article:modified_time\" content=\"2024-01-28T17:58:31+00:00\" \/>\n<meta name=\"twitter:label1\" content=\"Est. reading time\" \/>\n\t<meta name=\"twitter:data1\" content=\"1 minute\" \/>\n<script type=\"application\/ld+json\" class=\"yoast-schema-graph\">{\"@context\":\"https:\\\/\\\/schema.org\",\"@graph\":[{\"@type\":\"WebPage\",\"@id\":\"https:\\\/\\\/www.ecochange.fi\\\/ymparistokonsultointi\\\/\",\"url\":\"https:\\\/\\\/www.ecochange.fi\\\/ymparistokonsultointi\\\/\",\"name\":\"Ymp\u00e4rist\u00f6konsultointi - Ymp\u00e4rist\u00f6konsultointi EcoChange Oy\",\"isPartOf\":{\"@id\":\"https:\\\/\\\/www.ecochange.fi\\\/#website\"},\"datePublished\":\"2023-08-10T09:29:36+00:00\",\"dateModified\":\"2024-01-28T17:58:31+00:00\",\"breadcrumb\":{\"@id\":\"https:\\\/\\\/www.ecochange.fi\\\/ymparistokonsultointi\\\/#breadcrumb\"},\"inLanguage\":\"en-US\",\"potentialAction\":[{\"@type\":\"ReadAction\",\"target\":[\"https:\\\/\\\/www.ecochange.fi\\\/ymparistokonsultointi\\\/\"]}]},{\"@type\":\"BreadcrumbList\",\"@id\":\"https:\\\/\\\/www.ecochange.fi\\\/ymparistokonsultointi\\\/#breadcrumb\",\"itemListElement\":[{\"@type\":\"ListItem\",\"position\":1,\"name\":\"Home\",\"item\":\"https:\\\/\\\/www.ecochange.fi\\\/\"},{\"@type\":\"ListItem\",\"position\":2,\"name\":\"Ymp\u00e4rist\u00f6konsultointi\"}]},{\"@type\":\"WebSite\",\"@id\":\"https:\\\/\\\/www.ecochange.fi\\\/#website\",\"url\":\"https:\\\/\\\/www.ecochange.fi\\\/\",\"name\":\"Ymp\u00e4rist\u00f6konsultointi EcoChange Oy\",\"description\":\"Planet Earth Generic Website Template\",\"publisher\":{\"@id\":\"https:\\\/\\\/www.ecochange.fi\\\/#organization\"},\"potentialAction\":[{\"@type\":\"SearchAction\",\"target\":{\"@type\":\"EntryPoint\",\"urlTemplate\":\"https:\\\/\\\/www.ecochange.fi\\\/?s={search_term_string}\"},\"query-input\":{\"@type\":\"PropertyValueSpecification\",\"valueRequired\":true,\"valueName\":\"search_term_string\"}}],\"inLanguage\":\"en-US\"},{\"@type\":\"Organization\",\"@id\":\"https:\\\/\\\/www.ecochange.fi\\\/#organization\",\"name\":\"Ymp\u00e4rist\u00f6konsultointi EcoChange Oy\",\"url\":\"https:\\\/\\\/www.ecochange.fi\\\/\",\"logo\":{\"@type\":\"ImageObject\",\"inLanguage\":\"en-US\",\"@id\":\"https:\\\/\\\/www.ecochange.fi\\\/#\\\/schema\\\/logo\\\/image\\\/\",\"url\":\"https:\\\/\\\/www.ecochange.fi\\\/wp-content\\\/uploads\\\/2015\\\/04\\\/cropped-cropped-cropped-cropped-EC-logo_750px.png\",\"contentUrl\":\"https:\\\/\\\/www.ecochange.fi\\\/wp-content\\\/uploads\\\/2015\\\/04\\\/cropped-cropped-cropped-cropped-EC-logo_750px.png\",\"width\":686,\"height\":188,\"caption\":\"Ymp\u00e4rist\u00f6konsultointi EcoChange Oy\"},\"image\":{\"@id\":\"https:\\\/\\\/www.ecochange.fi\\\/#\\\/schema\\\/logo\\\/image\\\/\"}}]}<\/script>\n<!-- \/ Yoast SEO plugin. -->","yoast_head_json":{"title":"Ymp\u00e4rist\u00f6konsultointi - Ymp\u00e4rist\u00f6konsultointi EcoChange Oy","robots":{"index":"index","follow":"follow","max-snippet":"max-snippet:-1","max-image-preview":"max-image-preview:large","max-video-preview":"max-video-preview:-1"},"canonical":"https:\/\/www.ecochange.fi\/en\/ymparistokonsultointi\/","og_locale":"en_US","og_type":"article","og_title":"Ymp\u00e4rist\u00f6konsultointi - Ymp\u00e4rist\u00f6konsultointi EcoChange Oy","og_description":"Palvelut Ymp\u00e4rist\u00f6konsultointi EcoChange Oy tarjoaa asiantuntemuksella erilaisia ymp\u00e4rist\u00f6konsultointipalveluja. Tarjoamme mm.\u00a0 erilaisia selvityksi\u00e4, esimerkiksi energiatehokkuuteen ja ymp\u00e4rist\u00f6asioihin liittyen, sek\u00e4 ymp\u00e4rist\u00f6lupahakemusten laadintaa. Konsultointimme avulla yrityksenne saa esimerkiksi imagohy\u00f6tyj\u00e4. Positiivinen julkisuuskuva on t\u00e4rke\u00e4\u00e4 yrityksille koosta riippumatta. Ota yhteytt\u00e4 Muut palvelut","og_url":"https:\/\/www.ecochange.fi\/en\/ymparistokonsultointi\/","og_site_name":"Ymp\u00e4rist\u00f6konsultointi EcoChange Oy","article_modified_time":"2024-01-28T17:58:31+00:00","twitter_misc":{"Est. reading time":"1 minute"},"schema":{"@context":"https:\/\/schema.org","@graph":[{"@type":"WebPage","@id":"https:\/\/www.ecochange.fi\/ymparistokonsultointi\/","url":"https:\/\/www.ecochange.fi\/ymparistokonsultointi\/","name":"Ymp\u00e4rist\u00f6konsultointi - Ymp\u00e4rist\u00f6konsultointi EcoChange Oy","isPartOf":{"@id":"https:\/\/www.ecochange.fi\/#website"},"datePublished":"2023-08-10T09:29:36+00:00","dateModified":"2024-01-28T17:58:31+00:00","breadcrumb":{"@id":"https:\/\/www.ecochange.fi\/ymparistokonsultointi\/#breadcrumb"},"inLanguage":"en-US","potentialAction":[{"@type":"ReadAction","target":["https:\/\/www.ecochange.fi\/ymparistokonsultointi\/"]}]},{"@type":"BreadcrumbList","@id":"https:\/\/www.ecochange.fi\/ymparistokonsultointi\/#breadcrumb","itemListElement":[{"@type":"ListItem","position":1,"name":"Home","item":"https:\/\/www.ecochange.fi\/"},{"@type":"ListItem","position":2,"name":"Ymp\u00e4rist\u00f6konsultointi"}]},{"@type":"WebSite","@id":"https:\/\/www.ecochange.fi\/#website","url":"https:\/\/www.ecochange.fi\/","name":"Environmental Consulting EcoChange Ltd.","description":"Planet Earth Generic Website Template","publisher":{"@id":"https:\/\/www.ecochange.fi\/#organization"},"potentialAction":[{"@type":"SearchAction","target":{"@type":"EntryPoint","urlTemplate":"https:\/\/www.ecochange.fi\/?s={search_term_string}"},"query-input":{"@type":"PropertyValueSpecification","valueRequired":true,"valueName":"search_term_string"}}],"inLanguage":"en-US"},{"@type":"Organization","@id":"https:\/\/www.ecochange.fi\/#organization","name":"Environmental Consulting EcoChange Ltd.","url":"https:\/\/www.ecochange.fi\/","logo":{"@type":"ImageObject","inLanguage":"en-US","@id":"https:\/\/www.ecochange.fi\/#\/schema\/logo\/image\/","url":"https:\/\/www.ecochange.fi\/wp-content\/uploads\/2015\/04\/cropped-cropped-cropped-cropped-EC-logo_750px.png","contentUrl":"https:\/\/www.ecochange.fi\/wp-content\/uploads\/2015\/04\/cropped-cropped-cropped-cropped-EC-logo_750px.png","width":686,"height":188,"caption":"Ymp\u00e4rist\u00f6konsultointi EcoChange Oy"},"image":{"@id":"https:\/\/www.ecochange.fi\/#\/schema\/logo\/image\/"}}]}},"_links":{"self":[{"href":"https:\/\/www.ecochange.fi\/en\/wp-json\/wp\/v2\/pages\/973","targetHints":{"allow":["GET"]}}],"collection":[{"href":"https:\/\/www.ecochange.fi\/en\/wp-json\/wp\/v2\/pages"}],"about":[{"href":"https:\/\/www.ecochange.fi\/en\/wp-json\/wp\/v2\/types\/page"}],"author":[{"embeddable":true,"href":"https:\/\/www.ecochange.fi\/en\/wp-json\/wp\/v2\/users\/3"}],"replies":[{"embeddable":true,"href":"https:\/\/www.ecochange.fi\/en\/wp-json\/wp\/v2\/comments?post=973"}],"version-history":[{"count":18,"href":"https:\/\/www.ecochange.fi\/en\/wp-json\/wp\/v2\/pages\/973\/revisions"}],"predecessor-version":[{"id":4640,"href":"https:\/\/www.ecochange.fi\/en\/wp-json\/wp\/v2\/pages\/973\/revisions\/4640"}],"wp:attachment":[{"href":"https:\/\/www.ecochange.fi\/en\/wp-json\/wp\/v2\/media?parent=973"}],"curies":[{"name":"wp","href":"https:\/\/api.w.org\/{rel}","templated":true}]}}