{"id":975,"date":"2023-08-10T09:30:37","date_gmt":"2023-08-10T09:30:37","guid":{"rendered":"https:\/\/www.ecochange.fi\/?page_id=975"},"modified":"2025-02-04T11:29:30","modified_gmt":"2025-02-04T11:29:30","slug":"koulutus","status":"publish","type":"page","link":"https:\/\/www.ecochange.fi\/en\/koulutus\/","title":{"rendered":"Education"},"content":{"rendered":"<div data-elementor-type=\"wp-page\" data-elementor-id=\"975\" class=\"elementor elementor-975\">\n\t\t\t\t\t\t<section class=\"elementor-section elementor-top-section elementor-element elementor-element-cf7uc98 elementor-section-content-top elementor-section-boxed elementor-section-height-default elementor-section-height-default\" data-id=\"cf7uc98\" data-element_type=\"section\" data-e-type=\"section\" data-settings=\"{&quot;background_background&quot;:&quot;classic&quot;}\">\n\t\t\t\t\t\t\t<div class=\"elementor-background-overlay\"><\/div>\n\t\t\t\t\t\t\t<div class=\"elementor-container elementor-column-gap-no\">\n\t\t\t\t\t<div class=\"elementor-column elementor-col-50 elementor-top-column elementor-element elementor-element-ac6cc55\" data-id=\"ac6cc55\" data-element_type=\"column\" data-e-type=\"column\">\n\t\t\t<div class=\"elementor-widget-wrap elementor-element-populated\">\n\t\t\t\t\t\t<div class=\"elementor-element elementor-element-13c46b5 elementor-widget elementor-widget-heading\" data-id=\"13c46b5\" data-element_type=\"widget\" data-e-type=\"widget\" data-widget_type=\"heading.default\">\n\t\t\t\t<div class=\"elementor-widget-container\">\n\t\t\t\t\t<h5 class=\"elementor-heading-title elementor-size-default\">Services<\/h5>\t\t\t\t<\/div>\n\t\t\t\t<\/div>\n\t\t\t\t<div class=\"elementor-element elementor-element-2db6d12 elementor-widget elementor-widget-heading\" data-id=\"2db6d12\" data-element_type=\"widget\" data-e-type=\"widget\" data-widget_type=\"heading.default\">\n\t\t\t\t<div class=\"elementor-widget-container\">\n\t\t\t\t\t<h2 class=\"elementor-heading-title elementor-size-default\">Education<\/h2>\t\t\t\t<\/div>\n\t\t\t\t<\/div>\n\t\t\t\t\t<\/div>\n\t\t<\/div>\n\t\t\t\t<div class=\"elementor-column elementor-col-50 elementor-top-column elementor-element elementor-element-132dae5\" data-id=\"132dae5\" data-element_type=\"column\" data-e-type=\"column\">\n\t\t\t<div class=\"elementor-widget-wrap elementor-element-populated\">\n\t\t\t\t\t\t<div class=\"elementor-element elementor-element-c81d73e elementor-widget elementor-widget-text-editor\" data-id=\"c81d73e\" data-element_type=\"widget\" data-e-type=\"widget\" data-widget_type=\"text-editor.default\">\n\t\t\t\t<div class=\"elementor-widget-container\">\n\t\t\t\t\t\t\t\t\t<p><span style=\"color: #000000;\">We offer Environmental and Waste Education for companies and communities as well as adult education centers.<\/span><\/p>\t\t\t\t\t\t\t\t<\/div>\n\t\t\t\t<\/div>\n\t\t\t\t<div class=\"elementor-element elementor-element-360dc1d elementor-widget elementor-widget-text-editor\" data-id=\"360dc1d\" data-element_type=\"widget\" data-e-type=\"widget\" data-widget_type=\"text-editor.default\">\n\t\t\t\t<div class=\"elementor-widget-container\">\n\t\t\t\t\t\t\t\t\t<div class=\"h-column h-column-container d-flex h-col-lg-auto h-col-md-auto h-col-auto style-572-outer style-local-975-c4-outer\">\n<div class=\"d-flex h-flex-basis h-column__inner h-px-lg-2 h-px-md-2 h-px-2 v-inner-lg-2 v-inner-md-2 v-inner-2 style-572 style-local-975-c4 position-relative\" data-colibri-id=\"975-c4\">\n<div class=\"w-100 h-y-container h-column__content h-column__v-align flex-basis-100 align-self-lg-start align-self-md-start align-self-start\">\n<div class=\"h-text h-text-component style-573 style-local-975-c7 position-relative h-element\" data-colibri-id=\"975-c7\">\n<div class=\"\">\n<p class=\"translation-block\">Education is related to several of our Environmental Projects and is an important part of the change process. Information is necessary for operational change and helps to save\nenvironment and money. The training packages are tailored to meet your needs in cooperation with you. We also train about future vision, as Suvi Runsten has also trained at Singularity University in Silicon Valley, which has been called\nalso as a University of the Future.<\/p>\n<\/div>\n<\/div>\n<\/div>\n<\/div>\n<\/div>\t\t\t\t\t\t\t\t<\/div>\n\t\t\t\t<\/div>\n\t\t\t\t\t<\/div>\n\t\t<\/div>\n\t\t\t\t\t<\/div>\n\t\t<\/section>\n\t\t\t\t<section class=\"elementor-section elementor-top-section elementor-element elementor-element-fa2567d elementor-section-boxed elementor-section-height-default elementor-section-height-default\" data-id=\"fa2567d\" data-element_type=\"section\" data-e-type=\"section\">\n\t\t\t\t\t\t<div class=\"elementor-container elementor-column-gap-default\">\n\t\t\t\t\t<div class=\"elementor-column elementor-col-100 elementor-top-column elementor-element elementor-element-dc6a274\" data-id=\"dc6a274\" data-element_type=\"column\" data-e-type=\"column\">\n\t\t\t<div class=\"elementor-widget-wrap elementor-element-populated\">\n\t\t\t\t\t\t<div class=\"elementor-element elementor-element-dccf50f elementor-align-center elementor-widget elementor-widget-button\" data-id=\"dccf50f\" data-element_type=\"widget\" data-e-type=\"widget\" data-widget_type=\"button.default\">\n\t\t\t\t<div class=\"elementor-widget-container\">\n\t\t\t\t\t\t\t\t\t<div class=\"elementor-button-wrapper\">\n\t\t\t\t\t<a class=\"elementor-button elementor-button-link elementor-size-sm\" href=\"https:\/\/www.ecochange.fi\/en\/yhteystiedot\/\">\n\t\t\t\t\t\t<span class=\"elementor-button-content-wrapper\">\n\t\t\t\t\t\t\t\t\t<span class=\"elementor-button-text\">Contact Us<\/span>\n\t\t\t\t\t<\/span>\n\t\t\t\t\t<\/a>\n\t\t\t\t<\/div>\n\t\t\t\t\t\t\t\t<\/div>\n\t\t\t\t<\/div>\n\t\t\t\t<div class=\"elementor-element elementor-element-539a932 elementor-align-center elementor-widget elementor-widget-button\" data-id=\"539a932\" data-element_type=\"widget\" data-e-type=\"widget\" data-widget_type=\"button.default\">\n\t\t\t\t<div class=\"elementor-widget-container\">\n\t\t\t\t\t\t\t\t\t<div class=\"elementor-button-wrapper\">\n\t\t\t\t\t<a class=\"elementor-button elementor-button-link elementor-size-sm\" href=\"https:\/\/www.ecochange.fi\/en\/palvelut\/\">\n\t\t\t\t\t\t<span class=\"elementor-button-content-wrapper\">\n\t\t\t\t\t\t\t\t\t<span class=\"elementor-button-text\">Other Services<\/span>\n\t\t\t\t\t<\/span>\n\t\t\t\t\t<\/a>\n\t\t\t\t<\/div>\n\t\t\t\t\t\t\t\t<\/div>\n\t\t\t\t<\/div>\n\t\t\t\t\t<\/div>\n\t\t<\/div>\n\t\t\t\t\t<\/div>\n\t\t<\/section>\n\t\t\t\t<\/div>","protected":false},"excerpt":{"rendered":"<p>Palvelut Koulutus Tarjoamme ymp\u00e4rist\u00f6- ja j\u00e4tekoulutusta yrityksille ja yhteis\u00f6ille sek\u00e4 aikuiskoulutuskeskuksille. Koulutus liittyy useisiin ymp\u00e4rist\u00f6hankkeisiimme ja on t\u00e4rke\u00e4 osa muutosprosessia. Tieto on tarpeen toiminnan muutoksessa ja auttaa s\u00e4\u00e4st\u00e4m\u00e4\u00e4nymp\u00e4rist\u00f6\u00e4 ja rahaa. Koulutuspaketit r\u00e4\u00e4t\u00e4l\u00f6id\u00e4\u00e4n yhteisty\u00f6ss\u00e4 kanssanne tarpeitanne vastaaviksi. Koulutamme my\u00f6s tulevaisuusvisiosta, sill\u00e4 Suvi Runsten on kouluttautunut my\u00f6s Singularity Universityss\u00e4 Piilaaksossa, jota on kutsuttumy\u00f6s tulevaisuusyliopistoksi. Ota yhteytt\u00e4 Muut [&hellip;]<\/p>\n","protected":false},"author":3,"featured_media":0,"parent":0,"menu_order":0,"comment_status":"closed","ping_status":"closed","template":"","meta":{"site-sidebar-layout":"default","site-content-layout":"","ast-site-content-layout":"","site-content-style":"default","site-sidebar-style":"default","ast-global-header-display":"","ast-banner-title-visibility":"","ast-main-header-display":"","ast-hfb-above-header-display":"","ast-hfb-below-header-display":"","ast-hfb-mobile-header-display":"","site-post-title":"","ast-breadcrumbs-content":"","ast-featured-img":"","footer-sml-layout":"","theme-transparent-header-meta":"","adv-header-id-meta":"","stick-header-meta":"","header-above-stick-meta":"","header-main-stick-meta":"","header-below-stick-meta":"","astra-migrate-meta-layouts":"default","ast-page-background-enabled":"default","ast-page-background-meta":{"desktop":{"background-color":"var(--ast-global-color-4)","background-image":"","background-repeat":"repeat","background-position":"center center","background-size":"auto","background-attachment":"scroll","background-type":"","background-media":"","overlay-type":"","overlay-color":"","overlay-opacity":"","overlay-gradient":""},"tablet":{"background-color":"","background-image":"","background-repeat":"repeat","background-position":"center center","background-size":"auto","background-attachment":"scroll","background-type":"","background-media":"","overlay-type":"","overlay-color":"","overlay-opacity":"","overlay-gradient":""},"mobile":{"background-color":"","background-image":"","background-repeat":"repeat","background-position":"center center","background-size":"auto","background-attachment":"scroll","background-type":"","background-media":"","overlay-type":"","overlay-color":"","overlay-opacity":"","overlay-gradient":""}},"ast-content-background-meta":{"desktop":{"background-color":"var(--ast-global-color-5)","background-image":"","background-repeat":"repeat","background-position":"center center","background-size":"auto","background-attachment":"scroll","background-type":"","background-media":"","overlay-type":"","overlay-color":"","overlay-opacity":"","overlay-gradient":""},"tablet":{"background-color":"var(--ast-global-color-5)","background-image":"","background-repeat":"repeat","background-position":"center center","background-size":"auto","background-attachment":"scroll","background-type":"","background-media":"","overlay-type":"","overlay-color":"","overlay-opacity":"","overlay-gradient":""},"mobile":{"background-color":"var(--ast-global-color-5)","background-image":"","background-repeat":"repeat","background-position":"center center","background-size":"auto","background-attachment":"scroll","background-type":"","background-media":"","overlay-type":"","overlay-color":"","overlay-opacity":"","overlay-gradient":""}},"footnotes":""},"class_list":["post-975","page","type-page","status-publish","hentry"],"yoast_head":"<!-- This site is optimized with the Yoast SEO plugin v27.4 - https:\/\/yoast.com\/product\/yoast-seo-wordpress\/ -->\n<title>Koulutus - Ymp\u00e4rist\u00f6konsultointi EcoChange Oy<\/title>\n<meta name=\"description\" content=\"Ymp\u00e4rist\u00f6konsultointi EcoChange Oy. Tarjoamme ymp\u00e4rist\u00f6- ja j\u00e4tekoulutusta yrityksille ja yhteis\u00f6ille sek\u00e4 aikuiskoulutuskeskuksille.\" \/>\n<meta name=\"robots\" content=\"index, follow, max-snippet:-1, max-image-preview:large, max-video-preview:-1\" \/>\n<link rel=\"canonical\" href=\"https:\/\/www.ecochange.fi\/en\/koulutus\/\" \/>\n<meta property=\"og:locale\" content=\"en_US\" \/>\n<meta property=\"og:type\" content=\"article\" \/>\n<meta property=\"og:title\" content=\"Koulutus - Ymp\u00e4rist\u00f6konsultointi EcoChange Oy\" \/>\n<meta property=\"og:description\" content=\"Ymp\u00e4rist\u00f6konsultointi EcoChange Oy. Tarjoamme ymp\u00e4rist\u00f6- ja j\u00e4tekoulutusta yrityksille ja yhteis\u00f6ille sek\u00e4 aikuiskoulutuskeskuksille.\" \/>\n<meta property=\"og:url\" content=\"https:\/\/www.ecochange.fi\/en\/koulutus\/\" \/>\n<meta property=\"og:site_name\" content=\"Ymp\u00e4rist\u00f6konsultointi EcoChange Oy\" \/>\n<meta property=\"article:modified_time\" content=\"2025-02-04T11:29:30+00:00\" \/>\n<meta name=\"twitter:label1\" content=\"Est. reading time\" \/>\n\t<meta name=\"twitter:data1\" content=\"1 minute\" \/>\n<script type=\"application\/ld+json\" class=\"yoast-schema-graph\">{\"@context\":\"https:\\\/\\\/schema.org\",\"@graph\":[{\"@type\":\"WebPage\",\"@id\":\"https:\\\/\\\/www.ecochange.fi\\\/koulutus\\\/\",\"url\":\"https:\\\/\\\/www.ecochange.fi\\\/koulutus\\\/\",\"name\":\"Koulutus - Ymp\u00e4rist\u00f6konsultointi EcoChange Oy\",\"isPartOf\":{\"@id\":\"https:\\\/\\\/www.ecochange.fi\\\/#website\"},\"datePublished\":\"2023-08-10T09:30:37+00:00\",\"dateModified\":\"2025-02-04T11:29:30+00:00\",\"description\":\"Ymp\u00e4rist\u00f6konsultointi EcoChange Oy. Tarjoamme ymp\u00e4rist\u00f6- ja j\u00e4tekoulutusta yrityksille ja yhteis\u00f6ille sek\u00e4 aikuiskoulutuskeskuksille.\",\"breadcrumb\":{\"@id\":\"https:\\\/\\\/www.ecochange.fi\\\/koulutus\\\/#breadcrumb\"},\"inLanguage\":\"en-US\",\"potentialAction\":[{\"@type\":\"ReadAction\",\"target\":[\"https:\\\/\\\/www.ecochange.fi\\\/koulutus\\\/\"]}]},{\"@type\":\"BreadcrumbList\",\"@id\":\"https:\\\/\\\/www.ecochange.fi\\\/koulutus\\\/#breadcrumb\",\"itemListElement\":[{\"@type\":\"ListItem\",\"position\":1,\"name\":\"Home\",\"item\":\"https:\\\/\\\/www.ecochange.fi\\\/\"},{\"@type\":\"ListItem\",\"position\":2,\"name\":\"Koulutus\"}]},{\"@type\":\"WebSite\",\"@id\":\"https:\\\/\\\/www.ecochange.fi\\\/#website\",\"url\":\"https:\\\/\\\/www.ecochange.fi\\\/\",\"name\":\"Ymp\u00e4rist\u00f6konsultointi EcoChange Oy\",\"description\":\"Planet Earth Generic Website Template\",\"publisher\":{\"@id\":\"https:\\\/\\\/www.ecochange.fi\\\/#organization\"},\"potentialAction\":[{\"@type\":\"SearchAction\",\"target\":{\"@type\":\"EntryPoint\",\"urlTemplate\":\"https:\\\/\\\/www.ecochange.fi\\\/?s={search_term_string}\"},\"query-input\":{\"@type\":\"PropertyValueSpecification\",\"valueRequired\":true,\"valueName\":\"search_term_string\"}}],\"inLanguage\":\"en-US\"},{\"@type\":\"Organization\",\"@id\":\"https:\\\/\\\/www.ecochange.fi\\\/#organization\",\"name\":\"Ymp\u00e4rist\u00f6konsultointi EcoChange Oy\",\"url\":\"https:\\\/\\\/www.ecochange.fi\\\/\",\"logo\":{\"@type\":\"ImageObject\",\"inLanguage\":\"en-US\",\"@id\":\"https:\\\/\\\/www.ecochange.fi\\\/#\\\/schema\\\/logo\\\/image\\\/\",\"url\":\"https:\\\/\\\/www.ecochange.fi\\\/wp-content\\\/uploads\\\/2015\\\/04\\\/cropped-cropped-cropped-cropped-EC-logo_750px.png\",\"contentUrl\":\"https:\\\/\\\/www.ecochange.fi\\\/wp-content\\\/uploads\\\/2015\\\/04\\\/cropped-cropped-cropped-cropped-EC-logo_750px.png\",\"width\":686,\"height\":188,\"caption\":\"Ymp\u00e4rist\u00f6konsultointi EcoChange Oy\"},\"image\":{\"@id\":\"https:\\\/\\\/www.ecochange.fi\\\/#\\\/schema\\\/logo\\\/image\\\/\"}}]}<\/script>\n<!-- \/ Yoast SEO plugin. -->","yoast_head_json":{"title":"Koulutus - Ymp\u00e4rist\u00f6konsultointi EcoChange Oy","description":"Ymp\u00e4rist\u00f6konsultointi EcoChange Oy. Tarjoamme ymp\u00e4rist\u00f6- ja j\u00e4tekoulutusta yrityksille ja yhteis\u00f6ille sek\u00e4 aikuiskoulutuskeskuksille.","robots":{"index":"index","follow":"follow","max-snippet":"max-snippet:-1","max-image-preview":"max-image-preview:large","max-video-preview":"max-video-preview:-1"},"canonical":"https:\/\/www.ecochange.fi\/en\/koulutus\/","og_locale":"en_US","og_type":"article","og_title":"Koulutus - Ymp\u00e4rist\u00f6konsultointi EcoChange Oy","og_description":"Ymp\u00e4rist\u00f6konsultointi EcoChange Oy. Tarjoamme ymp\u00e4rist\u00f6- ja j\u00e4tekoulutusta yrityksille ja yhteis\u00f6ille sek\u00e4 aikuiskoulutuskeskuksille.","og_url":"https:\/\/www.ecochange.fi\/en\/koulutus\/","og_site_name":"Ymp\u00e4rist\u00f6konsultointi EcoChange Oy","article_modified_time":"2025-02-04T11:29:30+00:00","twitter_misc":{"Est. reading time":"1 minute"},"schema":{"@context":"https:\/\/schema.org","@graph":[{"@type":"WebPage","@id":"https:\/\/www.ecochange.fi\/koulutus\/","url":"https:\/\/www.ecochange.fi\/koulutus\/","name":"Koulutus - Ymp\u00e4rist\u00f6konsultointi EcoChange Oy","isPartOf":{"@id":"https:\/\/www.ecochange.fi\/#website"},"datePublished":"2023-08-10T09:30:37+00:00","dateModified":"2025-02-04T11:29:30+00:00","description":"Ymp\u00e4rist\u00f6konsultointi EcoChange Oy. Tarjoamme ymp\u00e4rist\u00f6- ja j\u00e4tekoulutusta yrityksille ja yhteis\u00f6ille sek\u00e4 aikuiskoulutuskeskuksille.","breadcrumb":{"@id":"https:\/\/www.ecochange.fi\/koulutus\/#breadcrumb"},"inLanguage":"en-US","potentialAction":[{"@type":"ReadAction","target":["https:\/\/www.ecochange.fi\/koulutus\/"]}]},{"@type":"BreadcrumbList","@id":"https:\/\/www.ecochange.fi\/koulutus\/#breadcrumb","itemListElement":[{"@type":"ListItem","position":1,"name":"Home","item":"https:\/\/www.ecochange.fi\/"},{"@type":"ListItem","position":2,"name":"Koulutus"}]},{"@type":"WebSite","@id":"https:\/\/www.ecochange.fi\/#website","url":"https:\/\/www.ecochange.fi\/","name":"Environmental Consulting EcoChange Ltd.","description":"Planet Earth Generic Website Template","publisher":{"@id":"https:\/\/www.ecochange.fi\/#organization"},"potentialAction":[{"@type":"SearchAction","target":{"@type":"EntryPoint","urlTemplate":"https:\/\/www.ecochange.fi\/?s={search_term_string}"},"query-input":{"@type":"PropertyValueSpecification","valueRequired":true,"valueName":"search_term_string"}}],"inLanguage":"en-US"},{"@type":"Organization","@id":"https:\/\/www.ecochange.fi\/#organization","name":"Environmental Consulting EcoChange Ltd.","url":"https:\/\/www.ecochange.fi\/","logo":{"@type":"ImageObject","inLanguage":"en-US","@id":"https:\/\/www.ecochange.fi\/#\/schema\/logo\/image\/","url":"https:\/\/www.ecochange.fi\/wp-content\/uploads\/2015\/04\/cropped-cropped-cropped-cropped-EC-logo_750px.png","contentUrl":"https:\/\/www.ecochange.fi\/wp-content\/uploads\/2015\/04\/cropped-cropped-cropped-cropped-EC-logo_750px.png","width":686,"height":188,"caption":"Ymp\u00e4rist\u00f6konsultointi EcoChange Oy"},"image":{"@id":"https:\/\/www.ecochange.fi\/#\/schema\/logo\/image\/"}}]}},"_links":{"self":[{"href":"https:\/\/www.ecochange.fi\/en\/wp-json\/wp\/v2\/pages\/975","targetHints":{"allow":["GET"]}}],"collection":[{"href":"https:\/\/www.ecochange.fi\/en\/wp-json\/wp\/v2\/pages"}],"about":[{"href":"https:\/\/www.ecochange.fi\/en\/wp-json\/wp\/v2\/types\/page"}],"author":[{"embeddable":true,"href":"https:\/\/www.ecochange.fi\/en\/wp-json\/wp\/v2\/users\/3"}],"replies":[{"embeddable":true,"href":"https:\/\/www.ecochange.fi\/en\/wp-json\/wp\/v2\/comments?post=975"}],"version-history":[{"count":20,"href":"https:\/\/www.ecochange.fi\/en\/wp-json\/wp\/v2\/pages\/975\/revisions"}],"predecessor-version":[{"id":5040,"href":"https:\/\/www.ecochange.fi\/en\/wp-json\/wp\/v2\/pages\/975\/revisions\/5040"}],"wp:attachment":[{"href":"https:\/\/www.ecochange.fi\/en\/wp-json\/wp\/v2\/media?parent=975"}],"curies":[{"name":"wp","href":"https:\/\/api.w.org\/{rel}","templated":true}]}}